{"id":31,"date":"2017-02-13T11:02:34","date_gmt":"2017-02-13T11:02:34","guid":{"rendered":"http:\/\/demo.themeton.com\/consultaid\/?page_id=31"},"modified":"2023-06-26T16:52:44","modified_gmt":"2023-06-26T16:52:44","slug":"home-page-espanol","status":"publish","type":"page","link":"https:\/\/connatura.ixole.es\/","title":{"rendered":"Home Page &#8211; Espa\u00f1ol"},"content":{"rendered":"<p>[vc_row css=&#8221;.vc_custom_1488517572850{padding-top: 100px !important;padding-bottom: 100px !important;}&#8221;][vc_column][\/vc_column][vc_column][vc_row_inner css=&#8221;.vc_custom_1488421584429{padding-right: 30px !important;padding-left: 30px !important;}&#8221;][vc_column_inner width=&#8221;1\/3&#8243;][vc_single_image image=&#8221;1507&#8243; img_size=&#8221;full&#8221; alignment=&#8221;center&#8221;][\/vc_column_inner][vc_column_inner width=&#8221;2\/3&#8243; css=&#8221;.vc_custom_1488421604261{padding-right: 30px !important;padding-left: 50px !important;}&#8221;][vc_custom_heading text=&#8221;Connatura nace en el 2011&#8243; font_container=&#8221;tag:h1|font_size:36|text_align:left&#8221; use_theme_fonts=&#8221;yes&#8221;][vc_custom_heading text=&#8221;Somos una empresa innovadora, seria, activa y comprometida con el entorno natural y la biodiversidad.&#8221; font_container=&#8221;tag:p|font_size:21|text_align:left|line_height:31px&#8221; use_theme_fonts=&#8221;yes&#8221; css=&#8221;.vc_custom_1687103762344{margin-top: 20px !important;}&#8221;][vc_column_text]Connatura centra sus trabajos en la construcci\u00f3n paisaj\u00edstica y medioambiental, priorizando la utilizaci\u00f3n de sistemas que faciliten la integraci\u00f3n en el entorno y se muestren respetuosos con el paisaje.[\/vc_column_text][con_button conbutton=&#8221;url:https%3A%2F%2Fconnatura.ixole.es%2Fpages-2%2Fnosotros%2F|title:Con%C3%B3cenos|target:_blank&#8221;][\/vc_column_inner][\/vc_row_inner][\/vc_column][vc_column][\/vc_column][\/vc_row][vc_row full_width=&#8221;stretch_row&#8221; css=&#8221;.vc_custom_1686998337578{padding-top: 57px !important;padding-bottom: 97px !important;background-image: url(https:\/\/connatura.ixole.es\/wp-content\/uploads\/2023\/06\/2.2.jpg?id=1511) !important;background-position: center !important;background-repeat: no-repeat !important;background-size: cover !important;}&#8221; el_class=&#8221;background-position-center&#8221;][vc_column width=&#8221;2\/3&#8243;][con_industries title=&#8221;Servicios&#8221; back=&#8221;37&#8243; blockques=&#8221;%5B%7B%22icon_type%22%3A%22fontawesome%22%2C%22icon_fontawesome%22%3A%22fas%20fa-kaaba%22%2C%22icon_openiconic%22%3A%22vc-oi%20vc-oi-headphones%22%2C%22icon_typicons%22%3A%22typcn%20typcn-support%22%2C%22icon_entypo%22%3A%22entypo-icon%20entypo-icon-note%22%2C%22icon_linecons%22%3A%22vc_li%20vc_li-heart%22%2C%22blockque_title%22%3A%22Bioingenier%C3%ADa%20e%20integraci%C3%B3n%20paisaj%C3%ADstica%22%2C%22blockque_url%22%3A%22url%3Ahttps%253A%252F%252Fwww.connatura.es%252Fservicios%252Fbioingenieria-e-integracion-paisajistica%252F%7Ctitle%3ABioingenier%25C3%25ADa%2520e%2520integraci%25C3%25B3n%2520paisaj%25C3%25ADstica%22%2C%22blockque_text%22%3A%22Connatura%20cuenta%20con%20Ingenieros%20capaces%20de%20dise%C3%B1ar%20las%20m%C3%A1s%20complejas%20obras%20de%20bioingenier%C3%ADa%20mediante%20el%20uso%20de%20materiales%20naturales.%22%7D%2C%7B%22icon_type%22%3A%22fontawesome%22%2C%22icon_fontawesome%22%3A%22fas%20fa-tree%22%2C%22icon_openiconic%22%3A%22vc-oi%20vc-oi-dial%22%2C%22icon_typicons%22%3A%22typcn%20typcn-adjust-brightness%22%2C%22icon_entypo%22%3A%22entypo-icon%20entypo-icon-note%22%2C%22icon_linecons%22%3A%22vc_li%20vc_li-heart%22%2C%22blockque_title%22%3A%22Contrucci%C3%B3n%20integral%20de%20espacios%20verdes%22%2C%22blockque_url%22%3A%22url%3Ahttps%253A%252F%252Fwww.connatura.es%252Fservicios%252Fconstruccion-integral-de-espacios-verdes%252F%7Ctitle%3AConstrucci%25C3%25B3n%2520integral%2520de%2520espacios%2520verdes%22%2C%22blockque_text%22%3A%22Connatura%20proyecta%20y%20realiza%20la%20ejecuci%C3%B3n%20integral%20de%20cualquier%20tipolog%C3%ADa%20de%20espacio%20verde%2C%20sea%20natural%20o%20urbano.%22%7D%2C%7B%22icon_type%22%3A%22fontawesome%22%2C%22icon_fontawesome%22%3A%22fas%20fa-dungeon%22%2C%22icon_openiconic%22%3A%22vc-oi%20vc-oi-dial%22%2C%22icon_typicons%22%3A%22typcn%20typcn-adjust-brightness%22%2C%22icon_entypo%22%3A%22entypo-icon%20entypo-icon-note%22%2C%22icon_linecons%22%3A%22vc_li%20vc_li-heart%22%2C%22blockque_title%22%3A%22Obra%20civil%20y%20pavimentaci%C3%B3n%22%2C%22blockque_url%22%3A%22url%3Ahttps%253A%252F%252Fwww.connatura.es%252Fservicios%252Fobra-civil-y-pavimentacion%252F%7Ctitle%3AObra%2520civil%2520y%2520pavimentaci%25C3%25B3n%22%2C%22blockque_text%22%3A%22Ejecuci%C3%B3n%20de%20una%20amplia%20gama%20de%20muros%20y%20pavimentos%2C%20movimiento%20de%20tierras%2C%20canalizaci%C3%B3n%20de%20servicios%2C%20sistemas%20de%20drenaje%2C%20se%C3%B1alizaci%C3%B3n%2C%20etc.%22%7D%2C%7B%22icon_type%22%3A%22fontawesome%22%2C%22icon_fontawesome%22%3A%22fas%20fa-tractor%22%2C%22icon_openiconic%22%3A%22vc-oi%20vc-oi-dial%22%2C%22icon_typicons%22%3A%22typcn%20typcn-adjust-brightness%22%2C%22icon_entypo%22%3A%22entypo-icon%20entypo-icon-note%22%2C%22icon_linecons%22%3A%22vc_li%20vc_li-cloud%22%2C%22blockque_title%22%3A%22Trabajos%20de%20agronom%C3%ADa%22%2C%22blockque_url%22%3A%22url%3Ahttps%253A%252F%252Fwww.connatura.es%252Fservicios%252Ftrabajos-de-agronomia%252F%7Ctitle%3ATrabajos%2520de%2520agronom%25C3%25ADa%22%2C%22blockque_text%22%3A%22Connatura%20colabora%20en%20la%20adecuaci%C3%B3n%20de%20espacios%20rurales%2C%20desarrollando%20trabajos%20de%20topograf%C3%ADa%2C%20deslindes%20y%20asesoramiento%20t%C3%A9cnico.%22%7D%5D&#8221;][\/vc_column][vc_column width=&#8221;1\/3&#8243; offset=&#8221;vc_hidden-md&#8221;][\/vc_column][\/vc_row][vc_row full_width=&#8221;stretch_row_content_no_spaces&#8221; css=&#8221;.vc_custom_1488520164127{padding-top: 75px !important;padding-bottom: 100px !important;}&#8221;][vc_column][vc_custom_heading text=&#8221;Consulte nuestros servicios&#8221; font_container=&#8221;tag:h3|font_size:32|text_align:center|line_height:1.2&#8243; use_theme_fonts=&#8221;yes&#8221; css=&#8221;.vc_custom_1687086379180{margin-bottom: 0px !important;}&#8221;][vc_empty_space height=&#8221;20px&#8221;][completed_projects count=&#8221;20&#8243; postnumber=&#8221;5&#8243; sectiontitle=&#8221;Completed Project&#8221;][con_button alignment=&#8221;center&#8221; conbutton=&#8221;url:https%3A%2F%2Fconnatura.ixole.es%2Fservicios%2F|title:Ver%20todos%20los%20servicios&#8221;][\/vc_column][\/vc_row][vc_row css=&#8221;.vc_custom_1488514956025{padding-top: 75px !important;padding-bottom: 100px !important;}&#8221;][vc_column][vc_custom_heading text=&#8221;\u00daltimas noticias&#8221; font_container=&#8221;tag:h3|font_size:32|text_align:center&#8221; use_theme_fonts=&#8221;yes&#8221; css=&#8221;.vc_custom_1687436411396{margin-bottom: 40px !important;}&#8221;][con_post count=&#8221;2&#8243; style=&#8221;2&#8243; pagination=&#8221;&#8221; blogpost=&#8221;Blog&#8217;s&#8221;][\/vc_column][\/vc_row][vc_row full_width=&#8221;stretch_row&#8221; css=&#8221;.vc_custom_1489120306814{background-color: #ebf1f6 !important;}&#8221;][vc_column width=&#8221;1\/6&#8243;][\/vc_column][vc_column width=&#8221;2\/3&#8243;][con_counter list=&#8221;%5B%7B%22layout%22%3A%22icon%22%2C%22number%22%3A%22250%2B%22%2C%22body%22%3A%22clientes%20contentos%22%2C%22image%22%3A%22287%22%2C%22icon_type%22%3A%22fontawesome%22%2C%22icon_fontawesome%22%3A%22far%20fa-smile%22%2C%22icon_openiconic%22%3A%22vc-oi%20vc-oi-dial%22%2C%22icon_typicons%22%3A%22typcn%20typcn-adjust-brightness%22%2C%22icon_entypo%22%3A%22entypo-icon%20entypo-icon-note%22%2C%22icon_linecons%22%3A%22vc_li%20vc_li-heart%22%2C%22link%22%3A%22%23%22%7D%2C%7B%22layout%22%3A%22icon%22%2C%22number%22%3A%228%22%2C%22body%22%3A%22certificaciones%22%2C%22image%22%3A%22288%22%2C%22icon_type%22%3A%22fontawesome%22%2C%22icon_fontawesome%22%3A%22fas%20fa-star%22%2C%22icon_openiconic%22%3A%22vc-oi%20vc-oi-dial%22%2C%22icon_typicons%22%3A%22typcn%20typcn-adjust-brightness%22%2C%22icon_entypo%22%3A%22entypo-icon%20entypo-icon-note%22%2C%22icon_linecons%22%3A%22vc_li%20vc_li-heart%22%2C%22link%22%3A%22%23%22%7D%2C%7B%22layout%22%3A%22icon%22%2C%22number%22%3A%22150%2B%22%2C%22body%22%3A%22colaboradores%22%2C%22image%22%3A%22289%22%2C%22icon_type%22%3A%22fontawesome%22%2C%22icon_fontawesome%22%3A%22fas%20fa-user%22%2C%22icon_openiconic%22%3A%22vc-oi%20vc-oi-dial%22%2C%22icon_typicons%22%3A%22typcn%20typcn-adjust-brightness%22%2C%22icon_entypo%22%3A%22entypo-icon%20entypo-icon-note%22%2C%22icon_linecons%22%3A%22vc_li%20vc_li-heart%22%2C%22link%22%3A%22%23%22%7D%5D&#8221; group=&#8221;%5B%7B%22number%22%3A%222500%22%2C%22body%22%3A%22happy%20clients%22%2C%22icon_type%22%3A%22icon_font%22%2C%22image%22%3A%22287%22%7D%2C%7B%22number%22%3A%2238%22%2C%22body%22%3A%22awards%22%2C%22icon_type%22%3A%22icon_font%22%2C%22image%22%3A%22288%22%7D%2C%7B%22number%22%3A%22390%22%2C%22body%22%3A%22employees%22%2C%22icon_type%22%3A%22icon_font%22%2C%22image%22%3A%22289%22%7D%5D&#8221;][\/vc_column][vc_column width=&#8221;1\/6&#8243;][\/vc_column][\/vc_row][vc_row full_width=&#8221;stretch_row_content_no_spaces&#8221; content_placement=&#8221;middle&#8221; css=&#8221;.vc_custom_1687432901943{padding-top: 60px !important;padding-bottom: 100px !important;background-color: #8bc53f !important;background-position: center !important;background-repeat: no-repeat !important;background-size: cover !important;}&#8221;][vc_column][vc_custom_heading text=&#8221;Trabajemos juntos&#8221; font_container=&#8221;tag:h2|font_size:36px|text_align:center|color:%23ffffff|line_height:1.3&#8243; use_theme_fonts=&#8221;yes&#8221;][con_button alignment=&#8221;center&#8221; conbutton=&#8221;url:https%3A%2F%2Fconnatura.ixole.es%2Fcontacto%2F|title:Contactar&#8221;][\/vc_column][\/vc_row]<\/p>\n","protected":false},"excerpt":{"rendered":"<p>[vc_row css=&#8221;.vc_custom_1488517572850{padding-top: 100px !important;padding-bottom: 100px !important;}&#8221;][vc_column][\/vc_column][vc_column][vc_row_inner css=&#8221;.vc_custom_1488421584429{padding-right: 30px !important;padding-left: 30px !important;}&#8221;][vc_column_inner width=&#8221;1\/3&#8243;][vc_single_image image=&#8221;1507&#8243; img_size=&#8221;full&#8221; alignment=&#8221;center&#8221;][\/vc_column_inner][vc_column_inner width=&#8221;2\/3&#8243; css=&#8221;.vc_custom_1488421604261{padding-right: 30px !important;padding-left: 50px !important;}&#8221;][vc_custom_heading text=&#8221;Connatura nace en el 2011&#8243; font_container=&#8221;tag:h1|font_size:36|text_align:left&#8221; use_theme_fonts=&#8221;yes&#8221;][vc_custom_heading text=&#8221;Somos una empresa innovadora, seria, activa y comprometida con el entorno natural &#8230;<\/p>\n","protected":false},"author":1,"featured_media":0,"parent":0,"menu_order":0,"comment_status":"closed","ping_status":"closed","template":"","meta":{"footnotes":""},"class_list":["post-31","page","type-page","status-publish","hentry"],"yoast_head":"<!-- This site is optimized with the Yoast SEO plugin v25.4 - https:\/\/yoast.com\/wordpress\/plugins\/seo\/ -->\n<title>Urbanismo y Paisajismo - Connatura<\/title>\n<meta name=\"description\" content=\"Urbanismo y Paisajismo en infraestructuras. Connatura dise\u00f1a las m\u00e1s complejas obras de bioingenier\u00eda mediante el uso de materiales naturales\" \/>\n<meta name=\"robots\" content=\"index, follow, max-snippet:-1, max-image-preview:large, max-video-preview:-1\" \/>\n<link rel=\"canonical\" href=\"https:\/\/connatura.ixole.es\/\" \/>\n<meta property=\"og:locale\" content=\"es_ES\" \/>\n<meta property=\"og:type\" content=\"article\" \/>\n<meta property=\"og:title\" content=\"Urbanismo y Paisajismo - Connatura\" \/>\n<meta property=\"og:description\" content=\"Urbanismo y Paisajismo en infraestructuras. Connatura dise\u00f1a las m\u00e1s complejas obras de bioingenier\u00eda mediante el uso de materiales naturales\" \/>\n<meta property=\"og:url\" content=\"https:\/\/connatura.ixole.es\/\" \/>\n<meta property=\"og:site_name\" content=\"connatura\" \/>\n<meta property=\"article:modified_time\" content=\"2023-06-26T16:52:44+00:00\" \/>\n<meta name=\"twitter:card\" content=\"summary_large_image\" \/>\n<meta name=\"twitter:label1\" content=\"Tiempo de lectura\" \/>\n\t<meta name=\"twitter:data1\" content=\"1 minuto\" \/>\n<script type=\"application\/ld+json\" class=\"yoast-schema-graph\">{\"@context\":\"https:\/\/schema.org\",\"@graph\":[{\"@type\":\"WebPage\",\"@id\":\"https:\/\/connatura.ixole.es\/\",\"url\":\"https:\/\/connatura.ixole.es\/\",\"name\":\"Urbanismo y Paisajismo - Connatura\",\"isPartOf\":{\"@id\":\"https:\/\/connatura.ixole.es\/#website\"},\"datePublished\":\"2017-02-13T11:02:34+00:00\",\"dateModified\":\"2023-06-26T16:52:44+00:00\",\"description\":\"Urbanismo y Paisajismo en infraestructuras. Connatura dise\u00f1a las m\u00e1s complejas obras de bioingenier\u00eda mediante el uso de materiales naturales\",\"breadcrumb\":{\"@id\":\"https:\/\/connatura.ixole.es\/#breadcrumb\"},\"inLanguage\":\"es\",\"potentialAction\":[{\"@type\":\"ReadAction\",\"target\":[\"https:\/\/connatura.ixole.es\/\"]}]},{\"@type\":\"BreadcrumbList\",\"@id\":\"https:\/\/connatura.ixole.es\/#breadcrumb\",\"itemListElement\":[{\"@type\":\"ListItem\",\"position\":1,\"name\":\"Portada\",\"item\":\"https:\/\/connatura.ixole.es\/\"},{\"@type\":\"ListItem\",\"position\":2,\"name\":\"Home Page &#8211; Espa\u00f1ol\"}]},{\"@type\":\"WebSite\",\"@id\":\"https:\/\/connatura.ixole.es\/#website\",\"url\":\"https:\/\/connatura.ixole.es\/\",\"name\":\"connatura\",\"description\":\"Construcciones y obras integrales naturales\",\"potentialAction\":[{\"@type\":\"SearchAction\",\"target\":{\"@type\":\"EntryPoint\",\"urlTemplate\":\"https:\/\/connatura.ixole.es\/?s={search_term_string}\"},\"query-input\":{\"@type\":\"PropertyValueSpecification\",\"valueRequired\":true,\"valueName\":\"search_term_string\"}}],\"inLanguage\":\"es\"}]}<\/script>\n<!-- \/ Yoast SEO plugin. -->","yoast_head_json":{"title":"Urbanismo y Paisajismo - Connatura","description":"Urbanismo y Paisajismo en infraestructuras. Connatura dise\u00f1a las m\u00e1s complejas obras de bioingenier\u00eda mediante el uso de materiales naturales","robots":{"index":"index","follow":"follow","max-snippet":"max-snippet:-1","max-image-preview":"max-image-preview:large","max-video-preview":"max-video-preview:-1"},"canonical":"https:\/\/connatura.ixole.es\/","og_locale":"es_ES","og_type":"article","og_title":"Urbanismo y Paisajismo - Connatura","og_description":"Urbanismo y Paisajismo en infraestructuras. Connatura dise\u00f1a las m\u00e1s complejas obras de bioingenier\u00eda mediante el uso de materiales naturales","og_url":"https:\/\/connatura.ixole.es\/","og_site_name":"connatura","article_modified_time":"2023-06-26T16:52:44+00:00","twitter_card":"summary_large_image","twitter_misc":{"Tiempo de lectura":"1 minuto"},"schema":{"@context":"https:\/\/schema.org","@graph":[{"@type":"WebPage","@id":"https:\/\/connatura.ixole.es\/","url":"https:\/\/connatura.ixole.es\/","name":"Urbanismo y Paisajismo - Connatura","isPartOf":{"@id":"https:\/\/connatura.ixole.es\/#website"},"datePublished":"2017-02-13T11:02:34+00:00","dateModified":"2023-06-26T16:52:44+00:00","description":"Urbanismo y Paisajismo en infraestructuras. Connatura dise\u00f1a las m\u00e1s complejas obras de bioingenier\u00eda mediante el uso de materiales naturales","breadcrumb":{"@id":"https:\/\/connatura.ixole.es\/#breadcrumb"},"inLanguage":"es","potentialAction":[{"@type":"ReadAction","target":["https:\/\/connatura.ixole.es\/"]}]},{"@type":"BreadcrumbList","@id":"https:\/\/connatura.ixole.es\/#breadcrumb","itemListElement":[{"@type":"ListItem","position":1,"name":"Portada","item":"https:\/\/connatura.ixole.es\/"},{"@type":"ListItem","position":2,"name":"Home Page &#8211; Espa\u00f1ol"}]},{"@type":"WebSite","@id":"https:\/\/connatura.ixole.es\/#website","url":"https:\/\/connatura.ixole.es\/","name":"connatura","description":"Construcciones y obras integrales naturales","potentialAction":[{"@type":"SearchAction","target":{"@type":"EntryPoint","urlTemplate":"https:\/\/connatura.ixole.es\/?s={search_term_string}"},"query-input":{"@type":"PropertyValueSpecification","valueRequired":true,"valueName":"search_term_string"}}],"inLanguage":"es"}]}},"_links":{"self":[{"href":"https:\/\/connatura.ixole.es\/index.php?rest_route=\/wp\/v2\/pages\/31","targetHints":{"allow":["GET"]}}],"collection":[{"href":"https:\/\/connatura.ixole.es\/index.php?rest_route=\/wp\/v2\/pages"}],"about":[{"href":"https:\/\/connatura.ixole.es\/index.php?rest_route=\/wp\/v2\/types\/page"}],"author":[{"embeddable":true,"href":"https:\/\/connatura.ixole.es\/index.php?rest_route=\/wp\/v2\/users\/1"}],"replies":[{"embeddable":true,"href":"https:\/\/connatura.ixole.es\/index.php?rest_route=%2Fwp%2Fv2%2Fcomments&post=31"}],"version-history":[{"count":26,"href":"https:\/\/connatura.ixole.es\/index.php?rest_route=\/wp\/v2\/pages\/31\/revisions"}],"predecessor-version":[{"id":1722,"href":"https:\/\/connatura.ixole.es\/index.php?rest_route=\/wp\/v2\/pages\/31\/revisions\/1722"}],"wp:attachment":[{"href":"https:\/\/connatura.ixole.es\/index.php?rest_route=%2Fwp%2Fv2%2Fmedia&parent=31"}],"curies":[{"name":"wp","href":"https:\/\/api.w.org\/{rel}","templated":true}]}}