{"id":1723,"date":"2023-06-22T12:20:57","date_gmt":"2023-06-22T12:20:57","guid":{"rendered":"https:\/\/connatura.ixole.es\/?page_id=1723"},"modified":"2023-06-22T13:55:10","modified_gmt":"2023-06-22T13:55:10","slug":"nosaltres","status":"publish","type":"page","link":"https:\/\/connatura.ixole.es\/?page_id=1723&lang=ca","title":{"rendered":"Nosaltres"},"content":{"rendered":"<p>[vc_row css=&#8221;.vc_custom_1488537942880{margin-top: 15px !important;}&#8221;][vc_column][vc_row_inner][vc_column_inner width=&#8221;1\/6&#8243;][\/vc_column_inner][vc_column_inner width=&#8221;2\/3&#8243;][vc_column_text]<\/p>\n<h1 style=\"text-align: center;\">\u00bfQui som?<\/h1>\n<p style=\"text-align: center;\">Connatura, <strong>empresa acreditada per la Generealitat de Catalunya<\/strong> (REA 09000036894), i amb classificaci\u00f3 empresarial atorgada pel\u00a0Depatament\u00a0de\u00a0Economia\u00a0i Hisenda neix l&#8217;any 2011 conjuminant els esfor\u00e7os, les il\u00b7lusions i els coneixements d&#8217;un grup de professionals de contrastada capacitat i experi\u00e8ncia.<\/p>\n<p style=\"text-align: center;\">La realitzaci\u00f3 dels nostres treballs se centra en la <strong>construcci\u00f3 paisatg\u00edstica i mediambiental<\/strong>, amb especialitzaci\u00f3 en projectes d&#8217;espais verds i de\u00a0bioingenier\u00eda, prioritzant la utilitzaci\u00f3 de sistemes constructius que facilitin la integraci\u00f3 en l&#8217;entorn i es mostrin respectuosos amb el paisatge i amb l&#8217;ecosistema.<\/p>\n<p>[\/vc_column_text][\/vc_column_inner][vc_column_inner width=&#8221;1\/6&#8243;][\/vc_column_inner][\/vc_row_inner][vc_row_inner][vc_column_inner width=&#8221;2\/3&#8243;][vc_single_image image=&#8221;1497&#8243; img_size=&#8221;full&#8221; alignment=&#8221;center&#8221;][\/vc_column_inner][vc_column_inner width=&#8221;1\/3&#8243;][vc_single_image image=&#8221;1507&#8243; img_size=&#8221;full&#8221; el_class=&#8221;p100&#8243;][vc_single_image image=&#8221;1554&#8243; img_size=&#8221;full&#8221; css=&#8221;.vc_custom_1687107885140{margin-top: -10px !important;}&#8221; el_class=&#8221;p100&#8243;][\/vc_column_inner][\/vc_row_inner][\/vc_column][\/vc_row][vc_row][vc_column][vc_empty_space height=&#8221;65px&#8221;][\/vc_column][\/vc_row][vc_row full_width=&#8221;stretch_row_content_no_spaces&#8221; content_placement=&#8221;middle&#8221; css=&#8221;.vc_custom_1488424272518{background-color: #ebf1f6 !important;}&#8221;][vc_column width=&#8221;1\/6&#8243;][\/vc_column][vc_column width=&#8221;2\/6&#8243;][vc_custom_heading text=&#8221;100%&#8221; font_container=&#8221;tag:h1|font_size:138px|text_align:center|color:%23e9563d&#8221; use_theme_fonts=&#8221;yes&#8221;][vc_custom_heading text=&#8221;Satisfacci\u00f3 del client&#8221; font_container=&#8221;tag:h1|text_align:center&#8221; use_theme_fonts=&#8221;yes&#8221;][\/vc_column][vc_column width=&#8221;2\/6&#8243; css=&#8221;.vc_custom_1489111766892{padding-right: 15px !important;padding-left: 15px !important;}&#8221;][vc_row_inner][vc_column_inner width=&#8221;1\/6&#8243;][vc_single_image image=&#8221;1633&#8243;][\/vc_column_inner][vc_column_inner width=&#8221;5\/6&#8243;][vc_custom_heading text=&#8221;Per qu\u00e8 nosaltres?&#8221; font_container=&#8221;tag:h2|font_size:36px|text_align:left&#8221; use_theme_fonts=&#8221;yes&#8221; el_class=&#8221;color-title&#8221;][vc_column_text]Perqu\u00e8 Connatura valora el territori com a element clau per a definir les intervencions constructives, <strong>respectant l&#8217;entorn natural i utilitzant, de manera priorit\u00e0ria<\/strong>, elements naturals que faciliten la integraci\u00f3 paisatg\u00edstica de les obres.<\/p>\n<p>Perqu\u00e8 som una empresa innovadora, seriosa, activa i <strong>compromesa amb l&#8217;entorn natural i la biodiversitat<\/strong>.<\/p>\n<p>Perqu\u00e8 formem un equip conjunyit i equilibrat, amb <strong>t\u00e8cnics d&#8217;una alta qualificaci\u00f3<\/strong>, tant acad\u00e8mica, com a pr\u00e0ctica, i amb encarregats i operaris amb una elevada compet\u00e8ncia, recolzada a trav\u00e9s d&#8217;una \u00e0mplia experi\u00e8ncia en els sectors de la construcci\u00f3 i la jardineria.<\/p>\n<p>Perqu\u00e8 mantenim un <strong>comprom\u00eds ferm i responsable amb el nostre treball i amb els nostres clients<\/strong>.[\/vc_column_text][\/vc_column_inner][\/vc_row_inner][vc_row_inner][vc_column_inner width=&#8221;1\/6&#8243;][vc_single_image image=&#8221;1632&#8243;][\/vc_column_inner][vc_column_inner width=&#8221;5\/6&#8243;][vc_custom_heading text=&#8221;Els nostres compromisos&#8221; font_container=&#8221;tag:h2|font_size:36px|text_align:left&#8221; use_theme_fonts=&#8221;yes&#8221; el_class=&#8221;color-title&#8221;][vc_column_text]La cerca de l&#8217;excel\u00b7l\u00e8ncia en la <strong>qualitat dels treballs realitzats<\/strong>.<\/p>\n<p>El <strong>respecte<\/strong> permanent al medi ambient, a l&#8217;entorn i al paisatge.<\/p>\n<p>La maximitzaci\u00f3 de la relaci\u00f3 <strong>qualitat \/ preu.<\/strong><\/p>\n<p>El programa d&#8217;execuci\u00f3 de l&#8217;obres ajustat a la <strong>necessitat del client<\/strong>.<\/p>\n<p>El seguiment t\u00e8cnic dels treballs, al costat d&#8217;una <strong>garantia post-venda<\/strong>.[\/vc_column_text][con_button conbutton=&#8221;url:https%3A%2F%2Fconnatura.ixole.es%2Fca%2Fcontacte%2F|title:Contacta&#8217;ns&#8221;][\/vc_column_inner][\/vc_row_inner][\/vc_column][vc_column width=&#8221;1\/6&#8243;][\/vc_column][vc_column][vc_empty_space height=&#8221;65px&#8221;][\/vc_column][\/vc_row][vc_row content_placement=&#8221;middle&#8221; disable_element=&#8221;yes&#8221; css=&#8221;.vc_custom_1687344977524{margin-top: 62px !important;margin-bottom: 30px !important;}&#8221;][vc_column][vc_custom_heading text=&#8221;Nuestro equipo&#8221; font_container=&#8221;tag:h1|font_size:36px|text_align:center&#8221; use_theme_fonts=&#8221;yes&#8221;][\/vc_column][vc_column width=&#8221;2\/6&#8243;][vc_single_image image=&#8221;1637&#8243; img_size=&#8221;full&#8221; alignment=&#8221;center&#8221; css=&#8221;.vc_custom_1687108101892{margin-top: -35px !important;}&#8221;][\/vc_column][vc_column width=&#8221;1\/6&#8243;][vc_custom_heading text=&#8221;Mathe Joseph<br \/>\nCEO&#8221; font_container=&#8221;tag:h3|text_align:left&#8221; use_theme_fonts=&#8221;yes&#8221;][vc_separator color=&#8221;pink&#8221; align=&#8221;align_left&#8221; border_width=&#8221;3&#8243; el_width=&#8221;20&#8243;][vc_column_text]Lorem Ipsum is simply dummy text of the printing typesetting industry. Lorem Ipsum has been the industry&#8217;s standard.[\/vc_column_text][vc_row_inner][vc_column_inner width=&#8221;5\/6&#8243;][vc_icon icon_fontawesome=&#8221;fa fa-facebook&#8221; color=&#8221;custom&#8221; size=&#8221;xs&#8221; custom_color=&#8221;#3b5998&#8243; link=&#8221;url:%23|||&#8221; el_class=&#8221;team-icon&#8221;][vc_icon icon_fontawesome=&#8221;fa fa-twitter&#8221; color=&#8221;custom&#8221; size=&#8221;xs&#8221; custom_color=&#8221;#55acee&#8221; link=&#8221;url:%23|||&#8221; el_class=&#8221;team-icon&#8221;][vc_icon icon_fontawesome=&#8221;fa fa-google-plus&#8221; color=&#8221;custom&#8221; size=&#8221;xs&#8221; custom_color=&#8221;#dd4b39&#8243; link=&#8221;url:%23|||&#8221; el_class=&#8221;team-icon&#8221;][\/vc_column_inner][vc_column_inner width=&#8221;1\/6&#8243;][\/vc_column_inner][\/vc_row_inner][\/vc_column][vc_column width=&#8221;3\/6&#8243;][con_ceo_team member=&#8221;%5B%7B%22firstname%22%3A%22Anu%22%2C%22lastname%22%3A%22Sakkariya%22%2C%22position%22%3A%22Art%20Director%22%2C%22image%22%3A%221638%22%7D%2C%7B%22firstname%22%3A%22John%22%2C%22lastname%22%3A%22Doe%22%2C%22position%22%3A%22Art%20Director%22%2C%22image%22%3A%221639%22%7D%2C%7B%22firstname%22%3A%22Shiva%22%2C%22lastname%22%3A%22Parasad%22%2C%22position%22%3A%22Consultand%22%2C%22image%22%3A%221640%22%7D%2C%7B%22firstname%22%3A%22Shiva%22%2C%22lastname%22%3A%22Damdam%22%2C%22position%22%3A%22Consultand%22%2C%22image%22%3A%221641%22%7D%5D&#8221;][\/vc_column][\/vc_row][vc_row disable_element=&#8221;yes&#8221; css=&#8221;.vc_custom_1687440563606{margin-bottom: 100px !important;}&#8221;][vc_column][con_button alignment=&#8221;center&#8221; conbutton=&#8221;url:https%3A%2F%2Fconnatura.ixole.es%2Fnosotros%2Fnuestro-equipo%2F|title:Nuestro%20equipo&#8221;][\/vc_column][\/vc_row][vc_row full_width=&#8221;stretch_row&#8221; css=&#8221;.vc_custom_1488538066441{background-color: #ebf1f6 !important;}&#8221;][vc_column width=&#8221;1\/6&#8243;][\/vc_column][vc_column width=&#8221;2\/3&#8243;][con_counter list=&#8221;%5B%7B%22layout%22%3A%22icon%22%2C%22number%22%3A%22250%2B%22%2C%22body%22%3A%22clients%20contents%22%2C%22image%22%3A%22287%22%2C%22icon_type%22%3A%22fontawesome%22%2C%22icon_fontawesome%22%3A%22far%20fa-smile%22%2C%22icon_openiconic%22%3A%22vc-oi%20vc-oi-dial%22%2C%22icon_typicons%22%3A%22typcn%20typcn-adjust-brightness%22%2C%22icon_entypo%22%3A%22entypo-icon%20entypo-icon-note%22%2C%22icon_linecons%22%3A%22vc_li%20vc_li-heart%22%7D%2C%7B%22layout%22%3A%22icon%22%2C%22number%22%3A%228%22%2C%22body%22%3A%22certificacions%22%2C%22image%22%3A%22288%22%2C%22icon_type%22%3A%22fontawesome%22%2C%22icon_fontawesome%22%3A%22fas%20fa-star%22%2C%22icon_openiconic%22%3A%22vc-oi%20vc-oi-dial%22%2C%22icon_typicons%22%3A%22typcn%20typcn-adjust-brightness%22%2C%22icon_entypo%22%3A%22entypo-icon%20entypo-icon-note%22%2C%22icon_linecons%22%3A%22vc_li%20vc_li-heart%22%7D%2C%7B%22layout%22%3A%22icon%22%2C%22number%22%3A%22150%2B%22%2C%22body%22%3A%22col%C2%B7laboradors%22%2C%22image%22%3A%22289%22%2C%22icon_type%22%3A%22fontawesome%22%2C%22icon_fontawesome%22%3A%22fas%20fa-user%22%2C%22icon_openiconic%22%3A%22vc-oi%20vc-oi-dial%22%2C%22icon_typicons%22%3A%22typcn%20typcn-adjust-brightness%22%2C%22icon_entypo%22%3A%22entypo-icon%20entypo-icon-note%22%2C%22icon_linecons%22%3A%22vc_li%20vc_li-heart%22%7D%5D&#8221; group=&#8221;%5B%7B%22number%22%3A%222500%22%2C%22body%22%3A%22happy%20clients%22%2C%22icon_type%22%3A%22icon_font%22%2C%22image%22%3A%22287%22%7D%2C%7B%22number%22%3A%2238%22%2C%22body%22%3A%22awards%22%2C%22icon_type%22%3A%22icon_font%22%2C%22image%22%3A%22288%22%7D%2C%7B%22number%22%3A%22390%22%2C%22body%22%3A%22employees%22%2C%22icon_type%22%3A%22icon_font%22%2C%22image%22%3A%22289%22%7D%5D&#8221;][vc_empty_space height=&#8221;20px&#8221;][\/vc_column][vc_column width=&#8221;1\/6&#8243;][\/vc_column][\/vc_row]<\/p>\n","protected":false},"excerpt":{"rendered":"<p>[vc_row css=&#8221;.vc_custom_1488537942880{margin-top: 15px !important;}&#8221;][vc_column][vc_row_inner][vc_column_inner width=&#8221;1\/6&#8243;][\/vc_column_inner][vc_column_inner width=&#8221;2\/3&#8243;][vc_column_text] \u00bfQui som? Connatura, empresa acreditada per la Generealitat de Catalunya (REA 09000036894), i amb classificaci\u00f3 empresarial atorgada pel\u00a0Depatament\u00a0de\u00a0Economia\u00a0i Hisenda neix l&#8217;any 2011 conjuminant els esfor\u00e7os, les il\u00b7lusions i els coneixements d&#8217;un grup de professionals &#8230;<\/p>\n","protected":false},"author":1,"featured_media":0,"parent":0,"menu_order":0,"comment_status":"closed","ping_status":"closed","template":"","meta":{"footnotes":""},"class_list":["post-1723","page","type-page","status-publish","hentry"],"yoast_head":"<!-- This site is optimized with the Yoast SEO plugin v25.4 - https:\/\/yoast.com\/wordpress\/plugins\/seo\/ -->\n<title>Nosaltres - connatura<\/title>\n<meta name=\"robots\" content=\"index, follow, max-snippet:-1, max-image-preview:large, max-video-preview:-1\" \/>\n<link rel=\"canonical\" href=\"https:\/\/connatura.ixole.es\/?page_id=1723&lang=ca\" \/>\n<meta property=\"og:locale\" content=\"es_ES\" \/>\n<meta property=\"og:type\" content=\"article\" \/>\n<meta property=\"og:title\" content=\"Nosaltres - connatura\" \/>\n<meta property=\"og:description\" content=\"[vc_row css=&#8221;.vc_custom_1488537942880{margin-top: 15px !important;}&#8221;][vc_column][vc_row_inner][vc_column_inner width=&#8221;1\/6&#8243;][\/vc_column_inner][vc_column_inner width=&#8221;2\/3&#8243;][vc_column_text] \u00bfQui som? Connatura, empresa acreditada per la Generealitat de Catalunya (REA 09000036894), i amb classificaci\u00f3 empresarial atorgada pel\u00a0Depatament\u00a0de\u00a0Economia\u00a0i Hisenda neix l&#8217;any 2011 conjuminant els esfor\u00e7os, les il\u00b7lusions i els coneixements d&#8217;un grup de professionals ...\" \/>\n<meta property=\"og:url\" content=\"https:\/\/connatura.ixole.es\/?page_id=1723&amp;lang=ca\" \/>\n<meta property=\"og:site_name\" content=\"connatura\" \/>\n<meta property=\"article:modified_time\" content=\"2023-06-22T13:55:10+00:00\" \/>\n<meta name=\"twitter:card\" content=\"summary_large_image\" \/>\n<meta name=\"twitter:label1\" content=\"Tiempo de lectura\" \/>\n\t<meta name=\"twitter:data1\" content=\"6 minutos\" \/>\n<script type=\"application\/ld+json\" class=\"yoast-schema-graph\">{\"@context\":\"https:\/\/schema.org\",\"@graph\":[{\"@type\":\"WebPage\",\"@id\":\"https:\/\/connatura.ixole.es\/?page_id=1723&lang=ca\",\"url\":\"https:\/\/connatura.ixole.es\/?page_id=1723&lang=ca\",\"name\":\"Nosaltres - connatura\",\"isPartOf\":{\"@id\":\"https:\/\/connatura.ixole.es\/#website\"},\"datePublished\":\"2023-06-22T12:20:57+00:00\",\"dateModified\":\"2023-06-22T13:55:10+00:00\",\"breadcrumb\":{\"@id\":\"https:\/\/connatura.ixole.es\/?page_id=1723&lang=ca#breadcrumb\"},\"inLanguage\":\"es\",\"potentialAction\":[{\"@type\":\"ReadAction\",\"target\":[\"https:\/\/connatura.ixole.es\/?page_id=1723&lang=ca\"]}]},{\"@type\":\"BreadcrumbList\",\"@id\":\"https:\/\/connatura.ixole.es\/?page_id=1723&lang=ca#breadcrumb\",\"itemListElement\":[{\"@type\":\"ListItem\",\"position\":1,\"name\":\"Portada\",\"item\":\"https:\/\/connatura.ixole.es\/\"},{\"@type\":\"ListItem\",\"position\":2,\"name\":\"Nosaltres\"}]},{\"@type\":\"WebSite\",\"@id\":\"https:\/\/connatura.ixole.es\/#website\",\"url\":\"https:\/\/connatura.ixole.es\/\",\"name\":\"connatura\",\"description\":\"Construcciones y obras integrales naturales\",\"potentialAction\":[{\"@type\":\"SearchAction\",\"target\":{\"@type\":\"EntryPoint\",\"urlTemplate\":\"https:\/\/connatura.ixole.es\/?s={search_term_string}\"},\"query-input\":{\"@type\":\"PropertyValueSpecification\",\"valueRequired\":true,\"valueName\":\"search_term_string\"}}],\"inLanguage\":\"es\"}]}<\/script>\n<!-- \/ Yoast SEO plugin. -->","yoast_head_json":{"title":"Nosaltres - connatura","robots":{"index":"index","follow":"follow","max-snippet":"max-snippet:-1","max-image-preview":"max-image-preview:large","max-video-preview":"max-video-preview:-1"},"canonical":"https:\/\/connatura.ixole.es\/?page_id=1723&lang=ca","og_locale":"es_ES","og_type":"article","og_title":"Nosaltres - connatura","og_description":"[vc_row css=&#8221;.vc_custom_1488537942880{margin-top: 15px !important;}&#8221;][vc_column][vc_row_inner][vc_column_inner width=&#8221;1\/6&#8243;][\/vc_column_inner][vc_column_inner width=&#8221;2\/3&#8243;][vc_column_text] \u00bfQui som? Connatura, empresa acreditada per la Generealitat de Catalunya (REA 09000036894), i amb classificaci\u00f3 empresarial atorgada pel\u00a0Depatament\u00a0de\u00a0Economia\u00a0i Hisenda neix l&#8217;any 2011 conjuminant els esfor\u00e7os, les il\u00b7lusions i els coneixements d&#8217;un grup de professionals ...","og_url":"https:\/\/connatura.ixole.es\/?page_id=1723&lang=ca","og_site_name":"connatura","article_modified_time":"2023-06-22T13:55:10+00:00","twitter_card":"summary_large_image","twitter_misc":{"Tiempo de lectura":"6 minutos"},"schema":{"@context":"https:\/\/schema.org","@graph":[{"@type":"WebPage","@id":"https:\/\/connatura.ixole.es\/?page_id=1723&lang=ca","url":"https:\/\/connatura.ixole.es\/?page_id=1723&lang=ca","name":"Nosaltres - connatura","isPartOf":{"@id":"https:\/\/connatura.ixole.es\/#website"},"datePublished":"2023-06-22T12:20:57+00:00","dateModified":"2023-06-22T13:55:10+00:00","breadcrumb":{"@id":"https:\/\/connatura.ixole.es\/?page_id=1723&lang=ca#breadcrumb"},"inLanguage":"es","potentialAction":[{"@type":"ReadAction","target":["https:\/\/connatura.ixole.es\/?page_id=1723&lang=ca"]}]},{"@type":"BreadcrumbList","@id":"https:\/\/connatura.ixole.es\/?page_id=1723&lang=ca#breadcrumb","itemListElement":[{"@type":"ListItem","position":1,"name":"Portada","item":"https:\/\/connatura.ixole.es\/"},{"@type":"ListItem","position":2,"name":"Nosaltres"}]},{"@type":"WebSite","@id":"https:\/\/connatura.ixole.es\/#website","url":"https:\/\/connatura.ixole.es\/","name":"connatura","description":"Construcciones y obras integrales naturales","potentialAction":[{"@type":"SearchAction","target":{"@type":"EntryPoint","urlTemplate":"https:\/\/connatura.ixole.es\/?s={search_term_string}"},"query-input":{"@type":"PropertyValueSpecification","valueRequired":true,"valueName":"search_term_string"}}],"inLanguage":"es"}]}},"_links":{"self":[{"href":"https:\/\/connatura.ixole.es\/index.php?rest_route=\/wp\/v2\/pages\/1723","targetHints":{"allow":["GET"]}}],"collection":[{"href":"https:\/\/connatura.ixole.es\/index.php?rest_route=\/wp\/v2\/pages"}],"about":[{"href":"https:\/\/connatura.ixole.es\/index.php?rest_route=\/wp\/v2\/types\/page"}],"author":[{"embeddable":true,"href":"https:\/\/connatura.ixole.es\/index.php?rest_route=\/wp\/v2\/users\/1"}],"replies":[{"embeddable":true,"href":"https:\/\/connatura.ixole.es\/index.php?rest_route=%2Fwp%2Fv2%2Fcomments&post=1723"}],"version-history":[{"count":7,"href":"https:\/\/connatura.ixole.es\/index.php?rest_route=\/wp\/v2\/pages\/1723\/revisions"}],"predecessor-version":[{"id":1745,"href":"https:\/\/connatura.ixole.es\/index.php?rest_route=\/wp\/v2\/pages\/1723\/revisions\/1745"}],"wp:attachment":[{"href":"https:\/\/connatura.ixole.es\/index.php?rest_route=%2Fwp%2Fv2%2Fmedia&parent=1723"}],"curies":[{"name":"wp","href":"https:\/\/api.w.org\/{rel}","templated":true}]}}