{"id":1643,"date":"2023-06-18T17:11:35","date_gmt":"2023-06-18T17:11:35","guid":{"rendered":"https:\/\/connatura.ixole.es\/?page_id=1643"},"modified":"2023-06-22T13:30:21","modified_gmt":"2023-06-22T13:30:21","slug":"contacto","status":"publish","type":"page","link":"https:\/\/connatura.ixole.es\/?page_id=1643","title":{"rendered":"Contacto"},"content":{"rendered":"<p>[vc_row equal_height=&#8221;yes&#8221; css=&#8221;.vc_custom_1489137944573{margin-bottom: 80px !important;}&#8221;][vc_column width=&#8221;1\/2&#8243;][vc_custom_heading text=&#8221;Contacto&#8221; font_container=&#8221;tag:h1|font_size:36px|text_align:left|line_height:1.5&#8243; use_theme_fonts=&#8221;yes&#8221; css=&#8221;.vc_custom_1687108433328{margin-bottom: 5px !important;}&#8221;]\n<div class=\"wpcf7 no-js\" id=\"wpcf7-f279-o1\" lang=\"en-US\" dir=\"ltr\" data-wpcf7-id=\"279\">\n<div class=\"screen-reader-response\"><p role=\"status\" aria-live=\"polite\" aria-atomic=\"true\"><\/p> <ul><\/ul><\/div>\n<form action=\"\/index.php?rest_route=%2Fwp%2Fv2%2Fpages%2F1643#wpcf7-f279-o1\" method=\"post\" class=\"wpcf7-form init\" aria-label=\"Contact form\" novalidate=\"novalidate\" data-status=\"init\">\n<fieldset class=\"hidden-fields-container\"><input type=\"hidden\" name=\"_wpcf7\" value=\"279\" \/><input type=\"hidden\" name=\"_wpcf7_version\" value=\"6.1\" \/><input type=\"hidden\" name=\"_wpcf7_locale\" value=\"en_US\" \/><input type=\"hidden\" name=\"_wpcf7_unit_tag\" value=\"wpcf7-f279-o1\" \/><input type=\"hidden\" name=\"_wpcf7_container_post\" value=\"0\" \/><input type=\"hidden\" name=\"_wpcf7_posted_data_hash\" value=\"\" \/>\n<\/fieldset>\n<div class=\"uk-grid-small uk-margin-remove-top form-with-icons uk-grid \">\n\t<div class=\"uk-width-1-1@m uk-grid-margin\">\n\t\t<div class=\"uk-inline uk-width-1-1@m \">\n\t\t\t<p><span class=\"uk-form-icon\" uk-icon=\"icon: user\"><\/span><span class=\"wpcf7-form-control-wrap\" data-name=\"text-546\"><input size=\"40\" maxlength=\"400\" class=\"wpcf7-form-control wpcf7-text wpcf7-validates-as-required uk-input\" aria-required=\"true\" aria-invalid=\"false\" placeholder=\"Nombre*\" value=\"\" type=\"text\" name=\"text-546\" \/><\/span>\n\t\t\t<\/p>\n\t\t<\/div>\n\t<\/div>\n\t<div class=\"uk-width-1-1@m uk-grid-margin\">\n\t\t<div class=\"uk-inline uk-width-1-1@m \">\n\t\t\t<p><span class=\"uk-form-icon\" uk-icon=\"icon: mail\"><\/span><span class=\"wpcf7-form-control-wrap\" data-name=\"email-917\"><input size=\"40\" maxlength=\"400\" class=\"wpcf7-form-control wpcf7-email wpcf7-validates-as-required wpcf7-text wpcf7-validates-as-email uk-input\" aria-required=\"true\" aria-invalid=\"false\" placeholder=\"Email*\" value=\"\" type=\"email\" name=\"email-917\" \/><\/span>\n\t\t\t<\/p>\n\t\t<\/div>\n\t<\/div>\n\t<div class=\"uk-width-1-1@m uk-grid-margin\">\n\t\t<div class=\"uk-inline uk-width-1-1@m \">\n\t\t\t<p><span class=\"uk-form-icon\" uk-icon=\"icon: phone\"><\/span><span class=\"wpcf7-form-control-wrap\" data-name=\"tel-182\"><input size=\"40\" maxlength=\"400\" class=\"wpcf7-form-control wpcf7-tel wpcf7-validates-as-required wpcf7-text wpcf7-validates-as-tel uk-input\" aria-required=\"true\" aria-invalid=\"false\" placeholder=\"Tel\u00e9fono*\" value=\"\" type=\"tel\" name=\"tel-182\" \/><\/span>\n\t\t\t<\/p>\n\t\t<\/div>\n\t<\/div>\n\t<div class=\"uk-width-1-1@m uk-grid-margin\">\n\t\t<div class=\"uk-inline uk-width-1-1@m \">\n\t\t\t<p><span class=\"uk-form-icon\" uk-icon=\"icon: cog\"><\/span><span class=\"wpcf7-form-control-wrap\" data-name=\"menu-583\"><select class=\"wpcf7-form-control wpcf7-select wpcf7-validates-as-required uk-select\" aria-required=\"true\" aria-invalid=\"false\" name=\"menu-583\"><option value=\"Servicios*\">Servicios*<\/option><option value=\"Bioingenier\u00eda e integraci\u00f3n paisaj\u00edstica\">Bioingenier\u00eda e integraci\u00f3n paisaj\u00edstica<\/option><option value=\"Contrucci\u00f3n integral de espacios verdes\">Contrucci\u00f3n integral de espacios verdes<\/option><option value=\"Obra civil y pavimentaci\u00f3n\">Obra civil y pavimentaci\u00f3n<\/option><option value=\"Trabajos de agronom\u00eda\">Trabajos de agronom\u00eda<\/option><option value=\"Otros\">Otros<\/option><\/select><\/span>\n\t\t\t<\/p>\n\t\t<\/div>\n\t<\/div>\n\t<div class=\"uk-width-1-1@m uk-grid-margin\">\n\t\t<div class=\"uk-inline uk-width-1-1@m \">\n\t\t\t<p><span class=\"uk-form-icon textarea-icon\" uk-icon=\"icon: comment\"><\/span><span class=\"wpcf7-form-control-wrap\" data-name=\"textarea-685\"><textarea cols=\"40\" rows=\"10\" maxlength=\"2000\" class=\"wpcf7-form-control wpcf7-textarea wpcf7-validates-as-required uk-textarea uk-height-small\" aria-required=\"true\" aria-invalid=\"false\" placeholder=\"Mensaje*\" name=\"textarea-685\"><\/textarea><\/span>\n\t\t\t<\/p>\n\t\t<\/div>\n\t<\/div>\n\t<div class=\"uk-width-1-1@m uk-grid-margin uk-text-left\">\n\t\t<p><input class=\"wpcf7-form-control wpcf7-submit has-spinner uk-button uk-button-default\" type=\"submit\" value=\"ENVIAR\" \/>\n\t\t<\/p>\n\t<\/div>\n<\/div><div class=\"wpcf7-response-output\" aria-hidden=\"true\"><\/div>\n<\/form>\n<\/div>\n[vc_empty_space height=&#8221;40px&#8221;][\/vc_column][vc_column width=&#8221;1\/2&#8243;][vc_gmaps link=&#8221;#E-8_JTNDaWZyYW1lJTIwc3JjJTNEJTIyaHR0cHMlM0ElMkYlMkZ3d3cuZ29vZ2xlLmNvbSUyRm1hcHMlMkZlbWJlZCUzRnBiJTNEJTIxMW0xOCUyMTFtMTIlMjExbTMlMjExZDU5OTMuNTY3Mzk5MTgxMTAyJTIxMmQyLjAyODE0ODM5Mzg0NDE2NTYlMjEzZDQxLjMxMzU2ODg4Nzk2MTU2NiUyMTJtMyUyMTFmMCUyMTJmMCUyMTNmMCUyMTNtMiUyMTFpMTAyNCUyMTJpNzY4JTIxNGYxMy4xJTIxM20zJTIxMW0yJTIxMXMweDEyYTQ5YzU5ZjMwOTcyMTklMjUzQTB4MmM3ZDhhZmI1YzYwM2RlOCUyMTJzQ2FycmVyJTI1MjBkZSUyNTIwbGElMjUyMFRlY25vbG9naWElMjUyQyUyNTIwMTklMjUyQyUyNTIwMDg4NDAlMjUyMFZpbGFkZWNhbnMlMjUyQyUyNTIwQmFyY2Vsb25hJTIxNWUwJTIxM20yJTIxMXNlcyUyMTJzZXMlMjE0djE2ODcyNzI0MTI2NTElMjE1bTIlMjExc2VzJTIxMnNlcyUyMiUyMHdpZHRoJTNEJTIyNjAwJTIyJTIwaGVpZ2h0JTNEJTIyNDUwJTIyJTIwZnJhbWVib3JkZXIlM0QlMjIwJTIyJTIwc3R5bGUlM0QlMjJib3JkZXIlM0EwJTIyJTIwYWxsb3dmdWxsc2NyZWVuJTNFJTNDJTJGaWZyYW1lJTNF&#8221;][\/vc_column][\/vc_row][vc_row full_width=&#8221;stretch_row&#8221; css=&#8221;.vc_custom_1687429095038{padding-top: 100px !important;padding-bottom: 100px !important;background-color: #8bc53f !important;background-position: center !important;background-repeat: no-repeat !important;background-size: cover !important;}&#8221;][vc_column width=&#8221;1\/2&#8243;][vc_icon icon_fontawesome=&#8221;far fa-envelope&#8221; color=&#8221;white&#8221; size=&#8221;xl&#8221; align=&#8221;center&#8221;][vc_custom_heading text=&#8221;info@connatura.es&#8221; font_container=&#8221;tag:h2|font_size:56|text_align:center|color:%23ffffff|line_height:1&#8243; use_theme_fonts=&#8221;yes&#8221; link=&#8221;url:mailto%3Ahola%40connatura.es&#8221; css=&#8221;.vc_custom_1687428877374{margin-top: 5px !important;}&#8221; el_class=&#8221;large-text-resizing&#8221;][\/vc_column][vc_column width=&#8221;1\/2&#8243;][vc_icon icon_fontawesome=&#8221;fas fa-phone-volume&#8221; color=&#8221;white&#8221; size=&#8221;xl&#8221; align=&#8221;center&#8221;][vc_custom_heading text=&#8221;610 520 039&#8243; font_container=&#8221;tag:h2|font_size:56|text_align:center|color:%23ffffff|line_height:1&#8243; use_theme_fonts=&#8221;yes&#8221; link=&#8221;url:mailto%3Ahola%40connatura.es&#8221; css=&#8221;.vc_custom_1687428744855{margin-top: 5px !important;}&#8221; el_class=&#8221;large-text-resizing&#8221;][\/vc_column][\/vc_row]<\/p>\n","protected":false},"excerpt":{"rendered":"<p>[vc_row equal_height=&#8221;yes&#8221; css=&#8221;.vc_custom_1489137944573{margin-bottom: 80px !important;}&#8221;][vc_column width=&#8221;1\/2&#8243;][vc_custom_heading text=&#8221;Contacto&#8221; font_container=&#8221;tag:h1|font_size:36px|text_align:left|line_height:1.5&#8243; use_theme_fonts=&#8221;yes&#8221; css=&#8221;.vc_custom_1687108433328{margin-bottom: 5px !important;}&#8221;][vc_empty_space height=&#8221;40px&#8221;][\/vc_column][vc_column width=&#8221;1\/2&#8243;][vc_gmaps link=&#8221;#E-8_JTNDaWZyYW1lJTIwc3JjJTNEJTIyaHR0cHMlM0ElMkYlMkZ3d3cuZ29vZ2xlLmNvbSUyRm1hcHMlMkZlbWJlZCUzRnBiJTNEJTIxMW0xOCUyMTFtMTIlMjExbTMlMjExZDU5OTMuNTY3Mzk5MTgxMTAyJTIxMmQyLjAyODE0ODM5Mzg0NDE2NTYlMjEzZDQxLjMxMzU2ODg4Nzk2MTU2NiUyMTJtMyUyMTFmMCUyMTJmMCUyMTNmMCUyMTNtMiUyMTFpMTAyNCUyMTJpNzY4JTIxNGYxMy4xJTIxM20zJTIxMW0yJTIxMXMweDEyYTQ5YzU5ZjMwOTcyMTklMjUzQTB4MmM3ZDhhZmI1YzYwM2RlOCUyMTJzQ2FycmVyJTI1MjBkZSUyNTIwbGElMjUyMFRlY25vbG9naWElMjUyQyUyNTIwMTklMjUyQyUyNTIwMDg4NDAlMjUyMFZpbGFkZWNhbnMlMjUyQyUyNTIwQmFyY2Vsb25hJTIxNWUwJTIxM20yJTIxMXNlcyUyMTJzZXMlMjE0djE2ODcyNzI0MTI2NTElMjE1bTIlMjExc2VzJTIxMnNlcyUyMiUyMHdpZHRoJTNEJTIyNjAwJTIyJTIwaGVpZ2h0JTNEJTIyNDUwJTIyJTIwZnJhbWVib3JkZXIlM0QlMjIwJTIyJTIwc3R5bGUlM0QlMjJib3JkZXIlM0EwJTIyJTIwYWxsb3dmdWxsc2NyZWVuJTNFJTNDJTJGaWZyYW1lJTNF&#8221;][\/vc_column][\/vc_row][vc_row full_width=&#8221;stretch_row&#8221; css=&#8221;.vc_custom_1687429095038{padding-top: 100px !important;padding-bottom: 100px !important;background-color: #8bc53f !important;background-position: center !important;background-repeat: no-repeat !important;background-size: cover !important;}&#8221;][vc_column width=&#8221;1\/2&#8243;][vc_icon icon_fontawesome=&#8221;far fa-envelope&#8221; color=&#8221;white&#8221; size=&#8221;xl&#8221; align=&#8221;center&#8221;][vc_custom_heading text=&#8221;info@connatura.es&#8221; font_container=&#8221;tag:h2|font_size:56|text_align:center|color:%23ffffff|line_height:1&#8243; use_theme_fonts=&#8221;yes&#8221; link=&#8221;url:mailto%3Ahola%40connatura.es&#8221; css=&#8221;.vc_custom_1687428877374{margin-top: &#8230;<\/p>\n","protected":false},"author":1,"featured_media":0,"parent":0,"menu_order":0,"comment_status":"closed","ping_status":"closed","template":"","meta":{"footnotes":""},"class_list":["post-1643","page","type-page","status-publish","hentry"],"yoast_head":"<!-- This site is optimized with the Yoast SEO plugin v25.4 - https:\/\/yoast.com\/wordpress\/plugins\/seo\/ -->\n<title>Contacto - connatura<\/title>\n<meta name=\"robots\" content=\"index, follow, max-snippet:-1, max-image-preview:large, max-video-preview:-1\" \/>\n<link rel=\"canonical\" href=\"https:\/\/connatura.ixole.es\/?page_id=1643\" \/>\n<meta property=\"og:locale\" content=\"es_ES\" \/>\n<meta property=\"og:type\" content=\"article\" \/>\n<meta property=\"og:title\" content=\"Contacto - connatura\" \/>\n<meta property=\"og:description\" content=\"[vc_row equal_height=&#8221;yes&#8221; css=&#8221;.vc_custom_1489137944573{margin-bottom: 80px !important;}&#8221;][vc_column width=&#8221;1\/2&#8243;][vc_custom_heading text=&#8221;Contacto&#8221; font_container=&#8221;tag:h1|font_size:36px|text_align:left|line_height:1.5&#8243; use_theme_fonts=&#8221;yes&#8221; css=&#8221;.vc_custom_1687108433328{margin-bottom: 5px !important;}&#8221;][vc_empty_space height=&#8221;40px&#8221;][\/vc_column][vc_column width=&#8221;1\/2&#8243;][vc_gmaps link=&#8221;#E-8_JTNDaWZyYW1lJTIwc3JjJTNEJTIyaHR0cHMlM0ElMkYlMkZ3d3cuZ29vZ2xlLmNvbSUyRm1hcHMlMkZlbWJlZCUzRnBiJTNEJTIxMW0xOCUyMTFtMTIlMjExbTMlMjExZDU5OTMuNTY3Mzk5MTgxMTAyJTIxMmQyLjAyODE0ODM5Mzg0NDE2NTYlMjEzZDQxLjMxMzU2ODg4Nzk2MTU2NiUyMTJtMyUyMTFmMCUyMTJmMCUyMTNmMCUyMTNtMiUyMTFpMTAyNCUyMTJpNzY4JTIxNGYxMy4xJTIxM20zJTIxMW0yJTIxMXMweDEyYTQ5YzU5ZjMwOTcyMTklMjUzQTB4MmM3ZDhhZmI1YzYwM2RlOCUyMTJzQ2FycmVyJTI1MjBkZSUyNTIwbGElMjUyMFRlY25vbG9naWElMjUyQyUyNTIwMTklMjUyQyUyNTIwMDg4NDAlMjUyMFZpbGFkZWNhbnMlMjUyQyUyNTIwQmFyY2Vsb25hJTIxNWUwJTIxM20yJTIxMXNlcyUyMTJzZXMlMjE0djE2ODcyNzI0MTI2NTElMjE1bTIlMjExc2VzJTIxMnNlcyUyMiUyMHdpZHRoJTNEJTIyNjAwJTIyJTIwaGVpZ2h0JTNEJTIyNDUwJTIyJTIwZnJhbWVib3JkZXIlM0QlMjIwJTIyJTIwc3R5bGUlM0QlMjJib3JkZXIlM0EwJTIyJTIwYWxsb3dmdWxsc2NyZWVuJTNFJTNDJTJGaWZyYW1lJTNF&#8221;][\/vc_column][\/vc_row][vc_row full_width=&#8221;stretch_row&#8221; css=&#8221;.vc_custom_1687429095038{padding-top: 100px !important;padding-bottom: 100px !important;background-color: #8bc53f !important;background-position: center !important;background-repeat: no-repeat !important;background-size: cover !important;}&#8221;][vc_column width=&#8221;1\/2&#8243;][vc_icon icon_fontawesome=&#8221;far fa-envelope&#8221; color=&#8221;white&#8221; size=&#8221;xl&#8221; align=&#8221;center&#8221;][vc_custom_heading text=&#8221;info@connatura.es&#8221; font_container=&#8221;tag:h2|font_size:56|text_align:center|color:%23ffffff|line_height:1&#8243; use_theme_fonts=&#8221;yes&#8221; link=&#8221;url:mailto%3Ahola%40connatura.es&#8221; css=&#8221;.vc_custom_1687428877374{margin-top: ...\" \/>\n<meta property=\"og:url\" content=\"https:\/\/connatura.ixole.es\/?page_id=1643\" \/>\n<meta property=\"og:site_name\" content=\"connatura\" \/>\n<meta property=\"article:modified_time\" content=\"2023-06-22T13:30:21+00:00\" \/>\n<meta name=\"twitter:card\" content=\"summary_large_image\" \/>\n<meta name=\"twitter:label1\" content=\"Tiempo de lectura\" \/>\n\t<meta name=\"twitter:data1\" content=\"1 minuto\" \/>\n<script type=\"application\/ld+json\" class=\"yoast-schema-graph\">{\"@context\":\"https:\/\/schema.org\",\"@graph\":[{\"@type\":\"WebPage\",\"@id\":\"https:\/\/connatura.ixole.es\/?page_id=1643\",\"url\":\"https:\/\/connatura.ixole.es\/?page_id=1643\",\"name\":\"Contacto - connatura\",\"isPartOf\":{\"@id\":\"https:\/\/connatura.ixole.es\/#website\"},\"datePublished\":\"2023-06-18T17:11:35+00:00\",\"dateModified\":\"2023-06-22T13:30:21+00:00\",\"breadcrumb\":{\"@id\":\"https:\/\/connatura.ixole.es\/?page_id=1643#breadcrumb\"},\"inLanguage\":\"es\",\"potentialAction\":[{\"@type\":\"ReadAction\",\"target\":[\"https:\/\/connatura.ixole.es\/?page_id=1643\"]}]},{\"@type\":\"BreadcrumbList\",\"@id\":\"https:\/\/connatura.ixole.es\/?page_id=1643#breadcrumb\",\"itemListElement\":[{\"@type\":\"ListItem\",\"position\":1,\"name\":\"Portada\",\"item\":\"https:\/\/connatura.ixole.es\/\"},{\"@type\":\"ListItem\",\"position\":2,\"name\":\"Contacto\"}]},{\"@type\":\"WebSite\",\"@id\":\"https:\/\/connatura.ixole.es\/#website\",\"url\":\"https:\/\/connatura.ixole.es\/\",\"name\":\"connatura\",\"description\":\"Construcciones y obras integrales naturales\",\"potentialAction\":[{\"@type\":\"SearchAction\",\"target\":{\"@type\":\"EntryPoint\",\"urlTemplate\":\"https:\/\/connatura.ixole.es\/?s={search_term_string}\"},\"query-input\":{\"@type\":\"PropertyValueSpecification\",\"valueRequired\":true,\"valueName\":\"search_term_string\"}}],\"inLanguage\":\"es\"}]}<\/script>\n<!-- \/ Yoast SEO plugin. -->","yoast_head_json":{"title":"Contacto - connatura","robots":{"index":"index","follow":"follow","max-snippet":"max-snippet:-1","max-image-preview":"max-image-preview:large","max-video-preview":"max-video-preview:-1"},"canonical":"https:\/\/connatura.ixole.es\/?page_id=1643","og_locale":"es_ES","og_type":"article","og_title":"Contacto - connatura","og_description":"[vc_row equal_height=&#8221;yes&#8221; css=&#8221;.vc_custom_1489137944573{margin-bottom: 80px !important;}&#8221;][vc_column width=&#8221;1\/2&#8243;][vc_custom_heading text=&#8221;Contacto&#8221; font_container=&#8221;tag:h1|font_size:36px|text_align:left|line_height:1.5&#8243; use_theme_fonts=&#8221;yes&#8221; css=&#8221;.vc_custom_1687108433328{margin-bottom: 5px !important;}&#8221;][vc_empty_space height=&#8221;40px&#8221;][\/vc_column][vc_column width=&#8221;1\/2&#8243;][vc_gmaps link=&#8221;#E-8_JTNDaWZyYW1lJTIwc3JjJTNEJTIyaHR0cHMlM0ElMkYlMkZ3d3cuZ29vZ2xlLmNvbSUyRm1hcHMlMkZlbWJlZCUzRnBiJTNEJTIxMW0xOCUyMTFtMTIlMjExbTMlMjExZDU5OTMuNTY3Mzk5MTgxMTAyJTIxMmQyLjAyODE0ODM5Mzg0NDE2NTYlMjEzZDQxLjMxMzU2ODg4Nzk2MTU2NiUyMTJtMyUyMTFmMCUyMTJmMCUyMTNmMCUyMTNtMiUyMTFpMTAyNCUyMTJpNzY4JTIxNGYxMy4xJTIxM20zJTIxMW0yJTIxMXMweDEyYTQ5YzU5ZjMwOTcyMTklMjUzQTB4MmM3ZDhhZmI1YzYwM2RlOCUyMTJzQ2FycmVyJTI1MjBkZSUyNTIwbGElMjUyMFRlY25vbG9naWElMjUyQyUyNTIwMTklMjUyQyUyNTIwMDg4NDAlMjUyMFZpbGFkZWNhbnMlMjUyQyUyNTIwQmFyY2Vsb25hJTIxNWUwJTIxM20yJTIxMXNlcyUyMTJzZXMlMjE0djE2ODcyNzI0MTI2NTElMjE1bTIlMjExc2VzJTIxMnNlcyUyMiUyMHdpZHRoJTNEJTIyNjAwJTIyJTIwaGVpZ2h0JTNEJTIyNDUwJTIyJTIwZnJhbWVib3JkZXIlM0QlMjIwJTIyJTIwc3R5bGUlM0QlMjJib3JkZXIlM0EwJTIyJTIwYWxsb3dmdWxsc2NyZWVuJTNFJTNDJTJGaWZyYW1lJTNF&#8221;][\/vc_column][\/vc_row][vc_row full_width=&#8221;stretch_row&#8221; css=&#8221;.vc_custom_1687429095038{padding-top: 100px !important;padding-bottom: 100px !important;background-color: #8bc53f !important;background-position: center !important;background-repeat: no-repeat !important;background-size: cover !important;}&#8221;][vc_column width=&#8221;1\/2&#8243;][vc_icon icon_fontawesome=&#8221;far fa-envelope&#8221; color=&#8221;white&#8221; size=&#8221;xl&#8221; align=&#8221;center&#8221;][vc_custom_heading text=&#8221;info@connatura.es&#8221; font_container=&#8221;tag:h2|font_size:56|text_align:center|color:%23ffffff|line_height:1&#8243; use_theme_fonts=&#8221;yes&#8221; link=&#8221;url:mailto%3Ahola%40connatura.es&#8221; css=&#8221;.vc_custom_1687428877374{margin-top: ...","og_url":"https:\/\/connatura.ixole.es\/?page_id=1643","og_site_name":"connatura","article_modified_time":"2023-06-22T13:30:21+00:00","twitter_card":"summary_large_image","twitter_misc":{"Tiempo de lectura":"1 minuto"},"schema":{"@context":"https:\/\/schema.org","@graph":[{"@type":"WebPage","@id":"https:\/\/connatura.ixole.es\/?page_id=1643","url":"https:\/\/connatura.ixole.es\/?page_id=1643","name":"Contacto - connatura","isPartOf":{"@id":"https:\/\/connatura.ixole.es\/#website"},"datePublished":"2023-06-18T17:11:35+00:00","dateModified":"2023-06-22T13:30:21+00:00","breadcrumb":{"@id":"https:\/\/connatura.ixole.es\/?page_id=1643#breadcrumb"},"inLanguage":"es","potentialAction":[{"@type":"ReadAction","target":["https:\/\/connatura.ixole.es\/?page_id=1643"]}]},{"@type":"BreadcrumbList","@id":"https:\/\/connatura.ixole.es\/?page_id=1643#breadcrumb","itemListElement":[{"@type":"ListItem","position":1,"name":"Portada","item":"https:\/\/connatura.ixole.es\/"},{"@type":"ListItem","position":2,"name":"Contacto"}]},{"@type":"WebSite","@id":"https:\/\/connatura.ixole.es\/#website","url":"https:\/\/connatura.ixole.es\/","name":"connatura","description":"Construcciones y obras integrales naturales","potentialAction":[{"@type":"SearchAction","target":{"@type":"EntryPoint","urlTemplate":"https:\/\/connatura.ixole.es\/?s={search_term_string}"},"query-input":{"@type":"PropertyValueSpecification","valueRequired":true,"valueName":"search_term_string"}}],"inLanguage":"es"}]}},"_links":{"self":[{"href":"https:\/\/connatura.ixole.es\/index.php?rest_route=\/wp\/v2\/pages\/1643","targetHints":{"allow":["GET"]}}],"collection":[{"href":"https:\/\/connatura.ixole.es\/index.php?rest_route=\/wp\/v2\/pages"}],"about":[{"href":"https:\/\/connatura.ixole.es\/index.php?rest_route=\/wp\/v2\/types\/page"}],"author":[{"embeddable":true,"href":"https:\/\/connatura.ixole.es\/index.php?rest_route=\/wp\/v2\/users\/1"}],"replies":[{"embeddable":true,"href":"https:\/\/connatura.ixole.es\/index.php?rest_route=%2Fwp%2Fv2%2Fcomments&post=1643"}],"version-history":[{"count":8,"href":"https:\/\/connatura.ixole.es\/index.php?rest_route=\/wp\/v2\/pages\/1643\/revisions"}],"predecessor-version":[{"id":1677,"href":"https:\/\/connatura.ixole.es\/index.php?rest_route=\/wp\/v2\/pages\/1643\/revisions\/1677"}],"wp:attachment":[{"href":"https:\/\/connatura.ixole.es\/index.php?rest_route=%2Fwp%2Fv2%2Fmedia&parent=1643"}],"curies":[{"name":"wp","href":"https:\/\/api.w.org\/{rel}","templated":true}]}}