{"id":1622,"date":"2023-06-18T16:46:39","date_gmt":"2023-06-18T16:46:39","guid":{"rendered":"https:\/\/connatura.ixole.es\/?page_id=1622"},"modified":"2023-06-18T21:07:46","modified_gmt":"2023-06-18T21:07:46","slug":"trabajos-de-agronomia","status":"publish","type":"page","link":"https:\/\/connatura.ixole.es\/?page_id=1622","title":{"rendered":"Trabajos de agronom\u00eda"},"content":{"rendered":"<p>[vc_row css=&#8221;.vc_custom_1488605952815{margin-top: 13px !important;}&#8221;][vc_column width=&#8221;1\/6&#8243;][\/vc_column][vc_column width=&#8221;2\/3&#8243;][vc_custom_heading text=&#8221;Trabajos de agronom\u00eda&#8221; font_container=&#8221;tag:h1|font_size:36px|text_align:center|line_height:1.2&#8243; use_theme_fonts=&#8221;yes&#8221;][vc_column_text]<\/p>\n<p style=\"text-align: center;\">Connatura le ofrece t\u00e9cnicas efectivas en la <strong>conservaci\u00f3n de suelos agr\u00edcolas, como curvas de nivel, construcci\u00f3n de terrazas y bancales<\/strong>, que permiten realizar labranzas conservacionista y hacer un uso racional del suelo, disminuyendo la perdida de fertilidad y aumentando el agua infiltrada en el subsuelo.<\/p>\n<p style=\"text-align: center;\">Con modernas t\u00e9cnicas topogr\u00e1ficas, podemos racionalizar el trazado de c<strong>aminos en las fincas agr\u00edcolas<\/strong>, para hacer un uso m\u00e1s eficiente de las parcelas de cultivo.<\/p>\n<p style=\"text-align: center;\">Las t\u00e9cnicas constructivas que desarrolla Connatura en <strong>muros ecol\u00f3gicos<\/strong>, puede ayudar a la estabilizaci\u00f3n de m\u00e1rgenes y taludes dentro de una explotaci\u00f3n, permitiendo un incremento en la superficie productiva y aumentando la rentabilidad de la misma.<\/p>\n<p>[\/vc_column_text][\/vc_column][vc_column width=&#8221;1\/6&#8243;][\/vc_column][\/vc_row][vc_row][vc_column][tt_portfolio count=&#8221;9&#8243; categories=&#8221;22&#8243;][\/vc_column][\/vc_row][vc_row][vc_column][vc_empty_space height=&#8221;100px&#8221;][\/vc_column][\/vc_row][vc_row][vc_column][vc_column_text]<\/p>\n<h2 style=\"text-align: center;\"><a href=\"https:\/\/connatura.ixole.es\/pages\/contacto\/\">cont\u00e1ctanos<\/a><\/h2>\n<p>[\/vc_column_text][vc_empty_space height=&#8221;57px&#8221;][\/vc_column][\/vc_row][vc_row full_width=&#8221;stretch_row&#8221; css=&#8221;.vc_custom_1488606078471{padding-bottom: 17px !important;background-color: #ebf1f6 !important;}&#8221;][vc_column width=&#8221;1\/6&#8243;][\/vc_column][vc_column width=&#8221;2\/3&#8243;][con_counter size=&#8221;3&#8243; list=&#8221;%5B%7B%22layout%22%3A%22icon%22%2C%22number%22%3A%222500%22%2C%22body%22%3A%22Happy%22%2C%22image%22%3A%22287%22%2C%22icon_type%22%3A%22fontawesome%22%2C%22icon_fontawesome%22%3A%22fa%20fa-smile-o%22%2C%22icon_openiconic%22%3A%22vc-oi%20vc-oi-dial%22%2C%22icon_typicons%22%3A%22typcn%20typcn-adjust-brightness%22%2C%22icon_entypo%22%3A%22entypo-icon%20entypo-icon-note%22%2C%22icon_linecons%22%3A%22vc_li%20vc_li-heart%22%7D%2C%7B%22layout%22%3A%22icon%22%2C%22number%22%3A%2238%22%2C%22body%22%3A%22Awards%22%2C%22image%22%3A%22288%22%2C%22icon_type%22%3A%22openiconic%22%2C%22icon_fontawesome%22%3A%22fa%20fa-smile-o%22%2C%22icon_openiconic%22%3A%22vc-oi%20vc-oi-star%22%2C%22icon_typicons%22%3A%22typcn%20typcn-adjust-brightness%22%2C%22icon_entypo%22%3A%22entypo-icon%20entypo-icon-note%22%2C%22icon_linecons%22%3A%22vc_li%20vc_li-heart%22%7D%2C%7B%22layout%22%3A%22icon%22%2C%22number%22%3A%22390%22%2C%22body%22%3A%22Employees%22%2C%22image%22%3A%22289%22%2C%22icon_type%22%3A%22fontawesome%22%2C%22icon_fontawesome%22%3A%22fa%20fa-user%22%2C%22icon_openiconic%22%3A%22vc-oi%20vc-oi-star%22%2C%22icon_typicons%22%3A%22typcn%20typcn-adjust-brightness%22%2C%22icon_entypo%22%3A%22entypo-icon%20entypo-icon-note%22%2C%22icon_linecons%22%3A%22vc_li%20vc_li-heart%22%7D%5D&#8221; group=&#8221;%5B%7B%22number%22%3A%222500%22%2C%22body%22%3A%22happy%20clients%22%2C%22icon_type%22%3A%22icon_font%22%2C%22image%22%3A%22287%22%7D%2C%7B%22number%22%3A%2238%22%2C%22body%22%3A%22awards%22%2C%22icon_type%22%3A%22icon_font%22%2C%22image%22%3A%22288%22%7D%2C%7B%22number%22%3A%22390%22%2C%22body%22%3A%22employees%22%2C%22icon_type%22%3A%22icon_font%22%2C%22image%22%3A%22289%22%7D%5D&#8221;][\/vc_column][vc_column width=&#8221;1\/6&#8243;][\/vc_column][\/vc_row]<\/p>\n","protected":false},"excerpt":{"rendered":"<p>[vc_row css=&#8221;.vc_custom_1488605952815{margin-top: 13px !important;}&#8221;][vc_column width=&#8221;1\/6&#8243;][\/vc_column][vc_column width=&#8221;2\/3&#8243;][vc_custom_heading text=&#8221;Trabajos de agronom\u00eda&#8221; font_container=&#8221;tag:h1|font_size:36px|text_align:center|line_height:1.2&#8243; use_theme_fonts=&#8221;yes&#8221;][vc_column_text] Connatura le ofrece t\u00e9cnicas efectivas en la conservaci\u00f3n de suelos agr\u00edcolas, como curvas de nivel, construcci\u00f3n de terrazas y bancales, que permiten realizar labranzas conservacionista y hacer un uso &#8230;<\/p>\n","protected":false},"author":1,"featured_media":1625,"parent":1390,"menu_order":0,"comment_status":"closed","ping_status":"open","template":"","meta":{"footnotes":""},"class_list":["post-1622","page","type-page","status-publish","has-post-thumbnail","hentry"],"yoast_head":"<!-- This site is optimized with the Yoast SEO plugin v25.4 - https:\/\/yoast.com\/wordpress\/plugins\/seo\/ -->\n<title>Trabajos de agronom\u00eda - connatura<\/title>\n<meta name=\"robots\" content=\"index, follow, max-snippet:-1, max-image-preview:large, max-video-preview:-1\" \/>\n<link rel=\"canonical\" href=\"https:\/\/connatura.ixole.es\/?page_id=1622\" \/>\n<meta property=\"og:locale\" content=\"es_ES\" \/>\n<meta property=\"og:type\" content=\"article\" \/>\n<meta property=\"og:title\" content=\"Trabajos de agronom\u00eda - connatura\" \/>\n<meta property=\"og:description\" content=\"[vc_row css=&#8221;.vc_custom_1488605952815{margin-top: 13px !important;}&#8221;][vc_column width=&#8221;1\/6&#8243;][\/vc_column][vc_column width=&#8221;2\/3&#8243;][vc_custom_heading text=&#8221;Trabajos de agronom\u00eda&#8221; font_container=&#8221;tag:h1|font_size:36px|text_align:center|line_height:1.2&#8243; use_theme_fonts=&#8221;yes&#8221;][vc_column_text] Connatura le ofrece t\u00e9cnicas efectivas en la conservaci\u00f3n de suelos agr\u00edcolas, como curvas de nivel, construcci\u00f3n de terrazas y bancales, que permiten realizar labranzas conservacionista y hacer un uso ...\" \/>\n<meta property=\"og:url\" content=\"https:\/\/connatura.ixole.es\/?page_id=1622\" \/>\n<meta property=\"og:site_name\" content=\"connatura\" \/>\n<meta property=\"article:modified_time\" content=\"2023-06-18T21:07:46+00:00\" \/>\n<meta property=\"og:image\" content=\"https:\/\/connatura.ixole.es\/wp-content\/uploads\/2023\/06\/Trabajos-de-agronomia.jpg\" \/>\n\t<meta property=\"og:image:width\" content=\"1556\" \/>\n\t<meta property=\"og:image:height\" content=\"1162\" \/>\n\t<meta property=\"og:image:type\" content=\"image\/jpeg\" \/>\n<meta name=\"twitter:card\" content=\"summary_large_image\" \/>\n<meta name=\"twitter:label1\" content=\"Tiempo de lectura\" \/>\n\t<meta name=\"twitter:data1\" content=\"2 minutos\" \/>\n<script type=\"application\/ld+json\" class=\"yoast-schema-graph\">{\"@context\":\"https:\/\/schema.org\",\"@graph\":[{\"@type\":\"WebPage\",\"@id\":\"https:\/\/connatura.ixole.es\/?page_id=1622\",\"url\":\"https:\/\/connatura.ixole.es\/?page_id=1622\",\"name\":\"Trabajos de agronom\u00eda - connatura\",\"isPartOf\":{\"@id\":\"https:\/\/connatura.ixole.es\/#website\"},\"primaryImageOfPage\":{\"@id\":\"https:\/\/connatura.ixole.es\/?page_id=1622#primaryimage\"},\"image\":{\"@id\":\"https:\/\/connatura.ixole.es\/?page_id=1622#primaryimage\"},\"thumbnailUrl\":\"https:\/\/connatura.ixole.es\/wp-content\/uploads\/2023\/06\/Trabajos-de-agronomia.jpg\",\"datePublished\":\"2023-06-18T16:46:39+00:00\",\"dateModified\":\"2023-06-18T21:07:46+00:00\",\"breadcrumb\":{\"@id\":\"https:\/\/connatura.ixole.es\/?page_id=1622#breadcrumb\"},\"inLanguage\":\"es\",\"potentialAction\":[{\"@type\":\"ReadAction\",\"target\":[\"https:\/\/connatura.ixole.es\/?page_id=1622\"]}]},{\"@type\":\"ImageObject\",\"inLanguage\":\"es\",\"@id\":\"https:\/\/connatura.ixole.es\/?page_id=1622#primaryimage\",\"url\":\"https:\/\/connatura.ixole.es\/wp-content\/uploads\/2023\/06\/Trabajos-de-agronomia.jpg\",\"contentUrl\":\"https:\/\/connatura.ixole.es\/wp-content\/uploads\/2023\/06\/Trabajos-de-agronomia.jpg\",\"width\":1556,\"height\":1162,\"caption\":\"Trabajos de agronom\u00eda\"},{\"@type\":\"BreadcrumbList\",\"@id\":\"https:\/\/connatura.ixole.es\/?page_id=1622#breadcrumb\",\"itemListElement\":[{\"@type\":\"ListItem\",\"position\":1,\"name\":\"Portada\",\"item\":\"https:\/\/connatura.ixole.es\/\"},{\"@type\":\"ListItem\",\"position\":2,\"name\":\"Servicios\",\"item\":\"https:\/\/connatura.ixole.es\/?page_id=1390\"},{\"@type\":\"ListItem\",\"position\":3,\"name\":\"Trabajos de agronom\u00eda\"}]},{\"@type\":\"WebSite\",\"@id\":\"https:\/\/connatura.ixole.es\/#website\",\"url\":\"https:\/\/connatura.ixole.es\/\",\"name\":\"connatura\",\"description\":\"Construcciones y obras integrales naturales\",\"potentialAction\":[{\"@type\":\"SearchAction\",\"target\":{\"@type\":\"EntryPoint\",\"urlTemplate\":\"https:\/\/connatura.ixole.es\/?s={search_term_string}\"},\"query-input\":{\"@type\":\"PropertyValueSpecification\",\"valueRequired\":true,\"valueName\":\"search_term_string\"}}],\"inLanguage\":\"es\"}]}<\/script>\n<!-- \/ Yoast SEO plugin. -->","yoast_head_json":{"title":"Trabajos de agronom\u00eda - connatura","robots":{"index":"index","follow":"follow","max-snippet":"max-snippet:-1","max-image-preview":"max-image-preview:large","max-video-preview":"max-video-preview:-1"},"canonical":"https:\/\/connatura.ixole.es\/?page_id=1622","og_locale":"es_ES","og_type":"article","og_title":"Trabajos de agronom\u00eda - connatura","og_description":"[vc_row css=&#8221;.vc_custom_1488605952815{margin-top: 13px !important;}&#8221;][vc_column width=&#8221;1\/6&#8243;][\/vc_column][vc_column width=&#8221;2\/3&#8243;][vc_custom_heading text=&#8221;Trabajos de agronom\u00eda&#8221; font_container=&#8221;tag:h1|font_size:36px|text_align:center|line_height:1.2&#8243; use_theme_fonts=&#8221;yes&#8221;][vc_column_text] Connatura le ofrece t\u00e9cnicas efectivas en la conservaci\u00f3n de suelos agr\u00edcolas, como curvas de nivel, construcci\u00f3n de terrazas y bancales, que permiten realizar labranzas conservacionista y hacer un uso ...","og_url":"https:\/\/connatura.ixole.es\/?page_id=1622","og_site_name":"connatura","article_modified_time":"2023-06-18T21:07:46+00:00","og_image":[{"width":1556,"height":1162,"url":"https:\/\/connatura.ixole.es\/wp-content\/uploads\/2023\/06\/Trabajos-de-agronomia.jpg","type":"image\/jpeg"}],"twitter_card":"summary_large_image","twitter_misc":{"Tiempo de lectura":"2 minutos"},"schema":{"@context":"https:\/\/schema.org","@graph":[{"@type":"WebPage","@id":"https:\/\/connatura.ixole.es\/?page_id=1622","url":"https:\/\/connatura.ixole.es\/?page_id=1622","name":"Trabajos de agronom\u00eda - connatura","isPartOf":{"@id":"https:\/\/connatura.ixole.es\/#website"},"primaryImageOfPage":{"@id":"https:\/\/connatura.ixole.es\/?page_id=1622#primaryimage"},"image":{"@id":"https:\/\/connatura.ixole.es\/?page_id=1622#primaryimage"},"thumbnailUrl":"https:\/\/connatura.ixole.es\/wp-content\/uploads\/2023\/06\/Trabajos-de-agronomia.jpg","datePublished":"2023-06-18T16:46:39+00:00","dateModified":"2023-06-18T21:07:46+00:00","breadcrumb":{"@id":"https:\/\/connatura.ixole.es\/?page_id=1622#breadcrumb"},"inLanguage":"es","potentialAction":[{"@type":"ReadAction","target":["https:\/\/connatura.ixole.es\/?page_id=1622"]}]},{"@type":"ImageObject","inLanguage":"es","@id":"https:\/\/connatura.ixole.es\/?page_id=1622#primaryimage","url":"https:\/\/connatura.ixole.es\/wp-content\/uploads\/2023\/06\/Trabajos-de-agronomia.jpg","contentUrl":"https:\/\/connatura.ixole.es\/wp-content\/uploads\/2023\/06\/Trabajos-de-agronomia.jpg","width":1556,"height":1162,"caption":"Trabajos de agronom\u00eda"},{"@type":"BreadcrumbList","@id":"https:\/\/connatura.ixole.es\/?page_id=1622#breadcrumb","itemListElement":[{"@type":"ListItem","position":1,"name":"Portada","item":"https:\/\/connatura.ixole.es\/"},{"@type":"ListItem","position":2,"name":"Servicios","item":"https:\/\/connatura.ixole.es\/?page_id=1390"},{"@type":"ListItem","position":3,"name":"Trabajos de agronom\u00eda"}]},{"@type":"WebSite","@id":"https:\/\/connatura.ixole.es\/#website","url":"https:\/\/connatura.ixole.es\/","name":"connatura","description":"Construcciones y obras integrales naturales","potentialAction":[{"@type":"SearchAction","target":{"@type":"EntryPoint","urlTemplate":"https:\/\/connatura.ixole.es\/?s={search_term_string}"},"query-input":{"@type":"PropertyValueSpecification","valueRequired":true,"valueName":"search_term_string"}}],"inLanguage":"es"}]}},"_links":{"self":[{"href":"https:\/\/connatura.ixole.es\/index.php?rest_route=\/wp\/v2\/pages\/1622","targetHints":{"allow":["GET"]}}],"collection":[{"href":"https:\/\/connatura.ixole.es\/index.php?rest_route=\/wp\/v2\/pages"}],"about":[{"href":"https:\/\/connatura.ixole.es\/index.php?rest_route=\/wp\/v2\/types\/page"}],"author":[{"embeddable":true,"href":"https:\/\/connatura.ixole.es\/index.php?rest_route=\/wp\/v2\/users\/1"}],"replies":[{"embeddable":true,"href":"https:\/\/connatura.ixole.es\/index.php?rest_route=%2Fwp%2Fv2%2Fcomments&post=1622"}],"version-history":[{"count":4,"href":"https:\/\/connatura.ixole.es\/index.php?rest_route=\/wp\/v2\/pages\/1622\/revisions"}],"predecessor-version":[{"id":1659,"href":"https:\/\/connatura.ixole.es\/index.php?rest_route=\/wp\/v2\/pages\/1622\/revisions\/1659"}],"up":[{"embeddable":true,"href":"https:\/\/connatura.ixole.es\/index.php?rest_route=\/wp\/v2\/pages\/1390"}],"wp:featuredmedia":[{"embeddable":true,"href":"https:\/\/connatura.ixole.es\/index.php?rest_route=\/wp\/v2\/media\/1625"}],"wp:attachment":[{"href":"https:\/\/connatura.ixole.es\/index.php?rest_route=%2Fwp%2Fv2%2Fmedia&parent=1622"}],"curies":[{"name":"wp","href":"https:\/\/api.w.org\/{rel}","templated":true}]}}