{"id":1535,"date":"2023-06-18T08:48:19","date_gmt":"2023-06-18T08:48:19","guid":{"rendered":"https:\/\/connatura.ixole.es\/?page_id=1535"},"modified":"2023-06-18T21:05:58","modified_gmt":"2023-06-18T21:05:58","slug":"construccion-integral-de-espacios-verdes","status":"publish","type":"page","link":"https:\/\/connatura.ixole.es\/?page_id=1535","title":{"rendered":"Construcci\u00f3n integral de espacios verdes"},"content":{"rendered":"<p>[vc_row css=&#8221;.vc_custom_1488605952815{margin-top: 13px !important;}&#8221;][vc_column width=&#8221;1\/6&#8243;][\/vc_column][vc_column width=&#8221;2\/3&#8243;][vc_custom_heading text=&#8221;Construcci\u00f3n integral de espacios verdes&#8221; font_container=&#8221;tag:h1|font_size:36px|text_align:center|line_height:1.2&#8243; use_theme_fonts=&#8221;yes&#8221;][vc_column_text]<\/p>\n<p style=\"text-align: center;\">Connatura proyecta y realiza la ejecuci\u00f3n integral de cualquier tipolog\u00eda de espacio verde, sea natural o urbano. Trabajamos en <strong>parques, jardines, \u00e1reas p\u00fablicas, y en la recuperaci\u00f3n de entornos naturales<\/strong> degradados, como canteras, rieras y humedales.<\/p>\n<p>[\/vc_column_text][\/vc_column][vc_column width=&#8221;1\/6&#8243;][\/vc_column][\/vc_row][vc_row][vc_column][tt_portfolio count=&#8221;9&#8243; categories=&#8221;37&#8243;][\/vc_column][\/vc_row][vc_row][vc_column][vc_empty_space height=&#8221;100px&#8221;][\/vc_column][\/vc_row][vc_row][vc_column][vc_column_text]<\/p>\n<h2 style=\"text-align: center;\"><a style=\"color: #e9563d;\" href=\"https:\/\/connatura.ixole.es\/pages\/contacto\/\">cont\u00e1ctanos<\/a><\/h2>\n<p>[\/vc_column_text][vc_empty_space height=&#8221;57px&#8221;][\/vc_column][\/vc_row][vc_row full_width=&#8221;stretch_row&#8221; css=&#8221;.vc_custom_1488606078471{padding-bottom: 17px !important;background-color: #ebf1f6 !important;}&#8221;][vc_column width=&#8221;1\/6&#8243;][\/vc_column][vc_column width=&#8221;2\/3&#8243;][con_counter size=&#8221;3&#8243; list=&#8221;%5B%7B%22layout%22%3A%22icon%22%2C%22number%22%3A%222500%22%2C%22body%22%3A%22Happy%22%2C%22image%22%3A%22287%22%2C%22icon_type%22%3A%22fontawesome%22%2C%22icon_fontawesome%22%3A%22fa%20fa-smile-o%22%2C%22icon_openiconic%22%3A%22vc-oi%20vc-oi-dial%22%2C%22icon_typicons%22%3A%22typcn%20typcn-adjust-brightness%22%2C%22icon_entypo%22%3A%22entypo-icon%20entypo-icon-note%22%2C%22icon_linecons%22%3A%22vc_li%20vc_li-heart%22%7D%2C%7B%22layout%22%3A%22icon%22%2C%22number%22%3A%2238%22%2C%22body%22%3A%22Awards%22%2C%22image%22%3A%22288%22%2C%22icon_type%22%3A%22openiconic%22%2C%22icon_fontawesome%22%3A%22fa%20fa-smile-o%22%2C%22icon_openiconic%22%3A%22vc-oi%20vc-oi-star%22%2C%22icon_typicons%22%3A%22typcn%20typcn-adjust-brightness%22%2C%22icon_entypo%22%3A%22entypo-icon%20entypo-icon-note%22%2C%22icon_linecons%22%3A%22vc_li%20vc_li-heart%22%7D%2C%7B%22layout%22%3A%22icon%22%2C%22number%22%3A%22390%22%2C%22body%22%3A%22Employees%22%2C%22image%22%3A%22289%22%2C%22icon_type%22%3A%22fontawesome%22%2C%22icon_fontawesome%22%3A%22fa%20fa-user%22%2C%22icon_openiconic%22%3A%22vc-oi%20vc-oi-star%22%2C%22icon_typicons%22%3A%22typcn%20typcn-adjust-brightness%22%2C%22icon_entypo%22%3A%22entypo-icon%20entypo-icon-note%22%2C%22icon_linecons%22%3A%22vc_li%20vc_li-heart%22%7D%5D&#8221; group=&#8221;%5B%7B%22number%22%3A%222500%22%2C%22body%22%3A%22happy%20clients%22%2C%22icon_type%22%3A%22icon_font%22%2C%22image%22%3A%22287%22%7D%2C%7B%22number%22%3A%2238%22%2C%22body%22%3A%22awards%22%2C%22icon_type%22%3A%22icon_font%22%2C%22image%22%3A%22288%22%7D%2C%7B%22number%22%3A%22390%22%2C%22body%22%3A%22employees%22%2C%22icon_type%22%3A%22icon_font%22%2C%22image%22%3A%22289%22%7D%5D&#8221;][\/vc_column][vc_column width=&#8221;1\/6&#8243;][\/vc_column][\/vc_row]<\/p>\n","protected":false},"excerpt":{"rendered":"<p>[vc_row css=&#8221;.vc_custom_1488605952815{margin-top: 13px !important;}&#8221;][vc_column width=&#8221;1\/6&#8243;][\/vc_column][vc_column width=&#8221;2\/3&#8243;][vc_custom_heading text=&#8221;Construcci\u00f3n integral de espacios verdes&#8221; font_container=&#8221;tag:h1|font_size:36px|text_align:center|line_height:1.2&#8243; use_theme_fonts=&#8221;yes&#8221;][vc_column_text] Connatura proyecta y realiza la ejecuci\u00f3n integral de cualquier tipolog\u00eda de espacio verde, sea natural o urbano. Trabajamos en parques, jardines, \u00e1reas p\u00fablicas, y en la recuperaci\u00f3n &#8230;<\/p>\n","protected":false},"author":1,"featured_media":0,"parent":1390,"menu_order":0,"comment_status":"closed","ping_status":"open","template":"","meta":{"footnotes":""},"class_list":["post-1535","page","type-page","status-publish","hentry"],"yoast_head":"<!-- This site is optimized with the Yoast SEO plugin v25.4 - https:\/\/yoast.com\/wordpress\/plugins\/seo\/ -->\n<title>Construcci\u00f3n integral de espacios verdes - connatura<\/title>\n<meta name=\"robots\" content=\"index, follow, max-snippet:-1, max-image-preview:large, max-video-preview:-1\" \/>\n<link rel=\"canonical\" href=\"https:\/\/connatura.ixole.es\/?page_id=1535\" \/>\n<meta property=\"og:locale\" content=\"es_ES\" \/>\n<meta property=\"og:type\" content=\"article\" \/>\n<meta property=\"og:title\" content=\"Construcci\u00f3n integral de espacios verdes - connatura\" \/>\n<meta property=\"og:description\" content=\"[vc_row css=&#8221;.vc_custom_1488605952815{margin-top: 13px !important;}&#8221;][vc_column width=&#8221;1\/6&#8243;][\/vc_column][vc_column width=&#8221;2\/3&#8243;][vc_custom_heading text=&#8221;Construcci\u00f3n integral de espacios verdes&#8221; font_container=&#8221;tag:h1|font_size:36px|text_align:center|line_height:1.2&#8243; use_theme_fonts=&#8221;yes&#8221;][vc_column_text] Connatura proyecta y realiza la ejecuci\u00f3n integral de cualquier tipolog\u00eda de espacio verde, sea natural o urbano. Trabajamos en parques, jardines, \u00e1reas p\u00fablicas, y en la recuperaci\u00f3n ...\" \/>\n<meta property=\"og:url\" content=\"https:\/\/connatura.ixole.es\/?page_id=1535\" \/>\n<meta property=\"og:site_name\" content=\"connatura\" \/>\n<meta property=\"article:modified_time\" content=\"2023-06-18T21:05:58+00:00\" \/>\n<meta name=\"twitter:card\" content=\"summary_large_image\" \/>\n<meta name=\"twitter:label1\" content=\"Tiempo de lectura\" \/>\n\t<meta name=\"twitter:data1\" content=\"2 minutos\" \/>\n<script type=\"application\/ld+json\" class=\"yoast-schema-graph\">{\"@context\":\"https:\/\/schema.org\",\"@graph\":[{\"@type\":\"WebPage\",\"@id\":\"https:\/\/connatura.ixole.es\/?page_id=1535\",\"url\":\"https:\/\/connatura.ixole.es\/?page_id=1535\",\"name\":\"Construcci\u00f3n integral de espacios verdes - connatura\",\"isPartOf\":{\"@id\":\"https:\/\/connatura.ixole.es\/#website\"},\"datePublished\":\"2023-06-18T08:48:19+00:00\",\"dateModified\":\"2023-06-18T21:05:58+00:00\",\"breadcrumb\":{\"@id\":\"https:\/\/connatura.ixole.es\/?page_id=1535#breadcrumb\"},\"inLanguage\":\"es\",\"potentialAction\":[{\"@type\":\"ReadAction\",\"target\":[\"https:\/\/connatura.ixole.es\/?page_id=1535\"]}]},{\"@type\":\"BreadcrumbList\",\"@id\":\"https:\/\/connatura.ixole.es\/?page_id=1535#breadcrumb\",\"itemListElement\":[{\"@type\":\"ListItem\",\"position\":1,\"name\":\"Portada\",\"item\":\"https:\/\/connatura.ixole.es\/\"},{\"@type\":\"ListItem\",\"position\":2,\"name\":\"Servicios\",\"item\":\"https:\/\/connatura.ixole.es\/?page_id=1390\"},{\"@type\":\"ListItem\",\"position\":3,\"name\":\"Construcci\u00f3n integral de espacios verdes\"}]},{\"@type\":\"WebSite\",\"@id\":\"https:\/\/connatura.ixole.es\/#website\",\"url\":\"https:\/\/connatura.ixole.es\/\",\"name\":\"connatura\",\"description\":\"Construcciones y obras integrales naturales\",\"potentialAction\":[{\"@type\":\"SearchAction\",\"target\":{\"@type\":\"EntryPoint\",\"urlTemplate\":\"https:\/\/connatura.ixole.es\/?s={search_term_string}\"},\"query-input\":{\"@type\":\"PropertyValueSpecification\",\"valueRequired\":true,\"valueName\":\"search_term_string\"}}],\"inLanguage\":\"es\"}]}<\/script>\n<!-- \/ Yoast SEO plugin. -->","yoast_head_json":{"title":"Construcci\u00f3n integral de espacios verdes - connatura","robots":{"index":"index","follow":"follow","max-snippet":"max-snippet:-1","max-image-preview":"max-image-preview:large","max-video-preview":"max-video-preview:-1"},"canonical":"https:\/\/connatura.ixole.es\/?page_id=1535","og_locale":"es_ES","og_type":"article","og_title":"Construcci\u00f3n integral de espacios verdes - connatura","og_description":"[vc_row css=&#8221;.vc_custom_1488605952815{margin-top: 13px !important;}&#8221;][vc_column width=&#8221;1\/6&#8243;][\/vc_column][vc_column width=&#8221;2\/3&#8243;][vc_custom_heading text=&#8221;Construcci\u00f3n integral de espacios verdes&#8221; font_container=&#8221;tag:h1|font_size:36px|text_align:center|line_height:1.2&#8243; use_theme_fonts=&#8221;yes&#8221;][vc_column_text] Connatura proyecta y realiza la ejecuci\u00f3n integral de cualquier tipolog\u00eda de espacio verde, sea natural o urbano. Trabajamos en parques, jardines, \u00e1reas p\u00fablicas, y en la recuperaci\u00f3n ...","og_url":"https:\/\/connatura.ixole.es\/?page_id=1535","og_site_name":"connatura","article_modified_time":"2023-06-18T21:05:58+00:00","twitter_card":"summary_large_image","twitter_misc":{"Tiempo de lectura":"2 minutos"},"schema":{"@context":"https:\/\/schema.org","@graph":[{"@type":"WebPage","@id":"https:\/\/connatura.ixole.es\/?page_id=1535","url":"https:\/\/connatura.ixole.es\/?page_id=1535","name":"Construcci\u00f3n integral de espacios verdes - connatura","isPartOf":{"@id":"https:\/\/connatura.ixole.es\/#website"},"datePublished":"2023-06-18T08:48:19+00:00","dateModified":"2023-06-18T21:05:58+00:00","breadcrumb":{"@id":"https:\/\/connatura.ixole.es\/?page_id=1535#breadcrumb"},"inLanguage":"es","potentialAction":[{"@type":"ReadAction","target":["https:\/\/connatura.ixole.es\/?page_id=1535"]}]},{"@type":"BreadcrumbList","@id":"https:\/\/connatura.ixole.es\/?page_id=1535#breadcrumb","itemListElement":[{"@type":"ListItem","position":1,"name":"Portada","item":"https:\/\/connatura.ixole.es\/"},{"@type":"ListItem","position":2,"name":"Servicios","item":"https:\/\/connatura.ixole.es\/?page_id=1390"},{"@type":"ListItem","position":3,"name":"Construcci\u00f3n integral de espacios verdes"}]},{"@type":"WebSite","@id":"https:\/\/connatura.ixole.es\/#website","url":"https:\/\/connatura.ixole.es\/","name":"connatura","description":"Construcciones y obras integrales naturales","potentialAction":[{"@type":"SearchAction","target":{"@type":"EntryPoint","urlTemplate":"https:\/\/connatura.ixole.es\/?s={search_term_string}"},"query-input":{"@type":"PropertyValueSpecification","valueRequired":true,"valueName":"search_term_string"}}],"inLanguage":"es"}]}},"_links":{"self":[{"href":"https:\/\/connatura.ixole.es\/index.php?rest_route=\/wp\/v2\/pages\/1535","targetHints":{"allow":["GET"]}}],"collection":[{"href":"https:\/\/connatura.ixole.es\/index.php?rest_route=\/wp\/v2\/pages"}],"about":[{"href":"https:\/\/connatura.ixole.es\/index.php?rest_route=\/wp\/v2\/types\/page"}],"author":[{"embeddable":true,"href":"https:\/\/connatura.ixole.es\/index.php?rest_route=\/wp\/v2\/users\/1"}],"replies":[{"embeddable":true,"href":"https:\/\/connatura.ixole.es\/index.php?rest_route=%2Fwp%2Fv2%2Fcomments&post=1535"}],"version-history":[{"count":4,"href":"https:\/\/connatura.ixole.es\/index.php?rest_route=\/wp\/v2\/pages\/1535\/revisions"}],"predecessor-version":[{"id":1658,"href":"https:\/\/connatura.ixole.es\/index.php?rest_route=\/wp\/v2\/pages\/1535\/revisions\/1658"}],"up":[{"embeddable":true,"href":"https:\/\/connatura.ixole.es\/index.php?rest_route=\/wp\/v2\/pages\/1390"}],"wp:attachment":[{"href":"https:\/\/connatura.ixole.es\/index.php?rest_route=%2Fwp%2Fv2%2Fmedia&parent=1535"}],"curies":[{"name":"wp","href":"https:\/\/api.w.org\/{rel}","templated":true}]}}